{"id":1338,"date":"2022-03-28T13:58:38","date_gmt":"2022-03-28T13:58:38","guid":{"rendered":"https:\/\/www.dompak.us\/?page_id=1338"},"modified":"2022-03-28T14:50:29","modified_gmt":"2022-03-28T14:50:29","slug":"o-nas","status":"publish","type":"page","link":"https:\/\/www.dompak.us\/cs\/o-nas\/","title":{"rendered":"O n\u00e1s"},"content":{"rendered":"\n<h2 class=\"wp-block-heading\" id=\"wszystko-o-dompak-corporation\">V\u0160E O DOMPAK CORPORATION<\/h2>\n\n\n\n<div class=\"wp-block-columns are-vertically-aligned-center is-layout-flex wp-container-core-columns-is-layout-9d6595d7 wp-block-columns-is-layout-flex\">\n<div class=\"wp-block-column is-vertically-aligned-center is-layout-flow wp-block-column-is-layout-flow\">\n<figure class=\"wp-block-image size-full\"><img loading=\"lazy\" decoding=\"async\" width=\"600\" height=\"400\" src=\"https:\/\/www.dompak.us\/wp-content\/uploads\/2022\/03\/adobestock_184525892-600x400-1.jpeg\" alt=\"\" class=\"wp-image-732\" srcset=\"https:\/\/www.dompak.us\/wp-content\/uploads\/2022\/03\/adobestock_184525892-600x400-1.jpeg 600w, https:\/\/www.dompak.us\/wp-content\/uploads\/2022\/03\/adobestock_184525892-600x400-1-300x200.jpeg 300w\" sizes=\"auto, (max-width: 600px) 100vw, 600px\" \/><\/figure>\n<\/div>\n\n\n\n<div class=\"wp-block-column is-vertically-aligned-center is-layout-flow wp-block-column-is-layout-flow\">\n<p><strong>Dompak Corporation<\/strong>&nbsp;je firma zab\u00fdvaj\u00edc\u00ed se zas\u00edl\u00e1n\u00edm bal\u00edk\u016f, automobil\u016f, st\u011bhovan\u00e9ho majetku, obchodn\u00edho zbo\u017e\u00ed do Polska a do v\u011bt\u0161iny zem\u00ed Evropsk\u00e9 unie. Na\u0161e zku\u0161enosti a z\u00e1ruka kvality na poskytovan\u00e9 slu\u017eby jsou skute\u010dnost\u00ed, \u017ee Dompak Corporation spolupracuje s Doma Services Antoni Wn\u0119kowicz p\u016fsob\u00edc\u00ed na trhu z\u00e1silek ji\u017e v\u00edce ne\u017e 20 let. Firma se specializuje na distribuci z\u00e1silek \u2013 bal\u00edk\u016f a poskytov\u00e1n\u00ed spedi\u010dn\u00edch slu\u017eeb v&nbsp;mezin\u00e1rodn\u00edm obchodn\u00ed v\u00fdm\u011bn\u011b. Doma Services Antoni Wn\u0119kowicz je na\u0161\u00edm evropsk\u00fdm distributorem, kter\u00fd dod\u00e1v\u00e1 z\u00e1silky na \u00fazem\u00ed Polska a Evropsk\u00e9 unie.<strong><\/strong><\/p>\n\n\n\n<p>D\u00edky mnohalet\u00fdm zku\u0161enostem zaji\u0161\u0165ujeme komplexn\u00ed p\u0159epravn\u00ed, spedi\u010dn\u00ed a logistick\u00e9 slu\u017eby zbo\u017e\u00ed p\u0159i&nbsp;exportu a importu. Zaji\u0161\u0165ujeme tak\u00e9 skladov\u00e1n\u00ed zas\u00edlan\u00e9ho zbo\u017e\u00ed, celn\u00ed odbaven\u00ed p\u0159i exportu a importu a poji\u0161t\u011bn\u00ed n\u00e1klad\u016f.<\/p>\n\n\n\n<p>Ji\u017e v\u00edce ne\u017e 20 let dod\u00e1v\u00e1me bal\u00edky v&nbsp;n\u00e1mo\u0159n\u00ed a leteck\u00e9 p\u0159eprav\u011b na\u0161im klient\u016fm v&nbsp;Polsku, Litv\u011b, \u010cesk\u00e9 a Slovensk\u00e9 republice a na Ukrajin\u011b. Postupn\u011b roz\u0161i\u0159ujeme na\u0161i nab\u00eddku zas\u00edl\u00e1n\u00edm bal\u00edk\u016f z USA tak\u00e9 do Rakouska, Belgie, Bulharska, D\u00e1nska, Finska, Francie, \u0160pan\u011blska, Nizozemska, Irska, Lucemburska, N\u011bmecka, Portugalska, Rumunska, Slovinska, \u0160v\u00e9dska, Ma\u010farska, Velk\u00e9 Brit\u00e1nie a It\u00e1lie. Zas\u00edl\u00e1me a dod\u00e1v\u00e1me osobn\u00ed z\u00e1silky, kter\u00e9 p\u0159edstavuj\u00ed suven\u00fdry pro nejbli\u017e\u0161\u00ed, a tak\u00e9 komer\u010dn\u00ed z\u00e1silky. Zaji\u0161\u0165ujeme nejlep\u0161\u00ed distribuci, sledov\u00e1n\u00ed z\u00e1silek na webov\u00fdch str\u00e1nk\u00e1ch a individu\u00e1ln\u00ed informaci pro ka\u017ed\u00e9ho z&nbsp;na\u0161ich klient\u016f.<\/p>\n\n\n\n<p>Spolupracujeme s&nbsp;nejv\u011bt\u0161\u00edmi dopravci a d\u00edky tomu jsme schopni zrealizovat ka\u017edou kontejnerovou dopravu, jak \u201eport to&nbsp;port\u201c, tak i door to door\u201c, garantujeme p\u0159itom servis na sv\u011btov\u00e9 \u00farovni. Nab\u00edz\u00edme kontejnery s&nbsp;r\u016fznou velikost\u00ed v&nbsp;z\u00e1vislosti na po\u017eadavc\u00edch klient\u016f. P\u0159istavujeme kontejnery pro individu\u00e1ln\u00ed nakl\u00e1dku na pozemku klienta a tak\u00e9 v&nbsp;na\u0161em skladu. Nab\u00edz\u00edme profesion\u00e1ln\u00ed pomoc p\u0159i zabalen\u00ed kontejner\u016f, zabezpe\u010dov\u00e1n\u00ed automobil\u016f a jin\u00fdch vozidel v kontejnerech.<\/p>\n<\/div>\n<\/div>\n\n\n\n<div class=\"wp-block-columns are-vertically-aligned-center is-layout-flex wp-container-core-columns-is-layout-9d6595d7 wp-block-columns-is-layout-flex\">\n<div class=\"wp-block-column is-vertically-aligned-center is-layout-flow wp-block-column-is-layout-flow\">\n<p>Na\u0161e nab\u00eddka nekon\u010d\u00ed pouze p\u0159epravou z\u00e1silek. Zveme v\u00e1s do na\u0161\u00ed kancel\u00e1\u0159e nach\u00e1zej\u00edc\u00ed se na 25 Locust Ave, Wallington, NY, kde nab\u00edz\u00edme prodej letenek a slu\u017ebu pen\u011b\u017en\u00edch p\u0159evod\u016f, kter\u00e9 realizuje US Money Express. Pen\u011b\u017en\u00ed p\u0159evody zas\u00edlan\u00e9 spole\u010dnost\u00ed Dompak m\u016f\u017eete realizovat v&nbsp;pobo\u010dk\u00e1ch banky PKO SA a pobo\u010dk\u00e1ch Poczty Polskiej.<\/p>\n\n\n\n<p>Zad\u00e1n\u00edm pen\u011b\u017en\u00edho p\u0159evodu prost\u0159ednictv\u00edm Dompak zas\u00edl\u00e1te nejen pen\u00edze, ale i radost pro bl\u00edzk\u00e9 nebo snadno zrealizujete obchodn\u00ed z\u00e1vazky.<\/p>\n\n\n\n<p>Ve spole\u010dnosti Dompak si rezervujete letenky, dovolenou, v\u00fdlety, plavby, svatebn\u00ed cesty. S&nbsp;n\u00e1mi procestujete sv\u011bt nejv\u00fdhodn\u011bji, pro\u017eijete nezapomenutelnou dovolenou.<br>Ji\u017e mnoho let nab\u00edz\u00edme na\u0161im klient\u016fm nejlep\u0161\u00ed servis. Jsme zlat\u00fdm cestovatelsk\u00fdm zprost\u0159edkovatelem v Apple Vacation a tak\u00e9 v PLL LOT.<\/p>\n\n\n\n<p>Pro v\u0161echny, kte\u0159\u00ed nakupuj\u00ed na webov\u00fdch str\u00e1nk\u00e1ch v USA, v\u010detn\u011b Ebay, Amazon, firemn\u00edch prodejen a v\u0161ech jin\u00fdch aukc\u00ed nab\u00edz\u00edme obsluhu internetov\u00fdch n\u00e1kup\u016f, spo\u010d\u00edvaj\u00edc\u00ed v&nbsp;zasl\u00e1n\u00ed z\u00e1silky z USA do Polska na uvedenou adresu. Objednan\u00e9 n\u00e1kupy zas\u00edl\u00e1me do Polska leteckou nebo n\u00e1mo\u0159n\u00ed cestou. Na\u0161e nab\u00eddka v\u0161ak nekon\u010d\u00ed na Polsku; odte\u010f zas\u00edl\u00e1me p\u0159\u00edmo tak\u00e9 do v\u011bt\u0161iny zem\u00ed Evropsk\u00e9 unie.<\/p>\n<\/div>\n\n\n\n<div class=\"wp-block-column is-vertically-aligned-center is-layout-flow wp-block-column-is-layout-flow\">\n<figure class=\"wp-block-image size-full\"><img loading=\"lazy\" decoding=\"async\" width=\"600\" height=\"400\" src=\"https:\/\/www.dompak.us\/wp-content\/uploads\/2022\/03\/doma-bonded-wh-600x400-1.jpeg\" alt=\"\" class=\"wp-image-737\" srcset=\"https:\/\/www.dompak.us\/wp-content\/uploads\/2022\/03\/doma-bonded-wh-600x400-1.jpeg 600w, https:\/\/www.dompak.us\/wp-content\/uploads\/2022\/03\/doma-bonded-wh-600x400-1-300x200.jpeg 300w\" sizes=\"auto, (max-width: 600px) 100vw, 600px\" \/><\/figure>\n<\/div>\n<\/div>\n\n\n\n<div style=\"height:20px\" aria-hidden=\"true\" class=\"wp-block-spacer\"><\/div>\n\n\n\n<h3 class=\"has-text-align-center wp-block-heading\" id=\"zapraszamy-do-wspolpracy\"><strong><strong>Zveme v\u00e1s ke spolupr\u00e1ci!<\/strong><\/strong><\/h3>\n\n\n\n<div style=\"height:20px\" aria-hidden=\"true\" class=\"wp-block-spacer\"><\/div>\n\n\n\n<h3 class=\"has-text-align-center wp-block-heading\" id=\"dompak-jestesmy-lepsi\"><strong><strong>Dompak, jsme lep\u0161\u00ed!<\/strong><\/strong><\/h3>\n","protected":false},"excerpt":{"rendered":"<p>V\u0160E O DOMPAK CORPORATION Dompak Corporation&nbsp;je firma zab\u00fdvaj\u00edc\u00ed se zas\u00edl\u00e1n\u00edm bal\u00edk\u016f, automobil\u016f, st\u011bhovan\u00e9ho majetku, obchodn\u00edho zbo\u017e\u00ed do Polska a do v\u011bt\u0161iny zem\u00ed Evropsk\u00e9 unie. Na\u0161e zku\u0161enosti a z\u00e1ruka kvality na poskytovan\u00e9 slu\u017eby jsou skute\u010dnost\u00ed, \u017ee Dompak Corporation spolupracuje s Doma Services Antoni Wn\u0119kowicz p\u016fsob\u00edc\u00ed na trhu z\u00e1silek ji\u017e v\u00edce ne\u017e 20 let. Firma se specializuje [&hellip;]<\/p>\n","protected":false},"author":3,"featured_media":0,"parent":0,"menu_order":0,"comment_status":"closed","ping_status":"closed","template":"","meta":{"_acf_changed":false,"inline_featured_image":false,"footnotes":""},"class_list":["post-1338","page","type-page","status-publish","hentry"],"acf":[],"yoast_head":"<!-- This site is optimized with the Yoast SEO plugin v26.2 - https:\/\/yoast.com\/wordpress\/plugins\/seo\/ -->\n<title>O n\u00e1s - Dompak inc. - Jeste\u015bmy lepsi !<\/title>\n<meta name=\"robots\" content=\"index, follow, max-snippet:-1, max-image-preview:large, max-video-preview:-1\" \/>\n<link rel=\"canonical\" href=\"https:\/\/www.dompak.us\/cs\/o-nas\/\" \/>\n<meta property=\"og:locale\" content=\"cs_CZ\" \/>\n<meta property=\"og:type\" content=\"article\" \/>\n<meta property=\"og:title\" content=\"O n\u00e1s - Dompak inc. - Jeste\u015bmy lepsi !\" \/>\n<meta property=\"og:description\" content=\"V\u0160E O DOMPAK CORPORATION Dompak Corporation&nbsp;je firma zab\u00fdvaj\u00edc\u00ed se zas\u00edl\u00e1n\u00edm bal\u00edk\u016f, automobil\u016f, st\u011bhovan\u00e9ho majetku, obchodn\u00edho zbo\u017e\u00ed do Polska a do v\u011bt\u0161iny zem\u00ed Evropsk\u00e9 unie. Na\u0161e zku\u0161enosti a z\u00e1ruka kvality na poskytovan\u00e9 slu\u017eby jsou skute\u010dnost\u00ed, \u017ee Dompak Corporation spolupracuje s Doma Services Antoni Wn\u0119kowicz p\u016fsob\u00edc\u00ed na trhu z\u00e1silek ji\u017e v\u00edce ne\u017e 20 let. Firma se specializuje [&hellip;]\" \/>\n<meta property=\"og:url\" content=\"https:\/\/www.dompak.us\/cs\/o-nas\/\" \/>\n<meta property=\"og:site_name\" content=\"Dompak inc. - Jeste\u015bmy lepsi !\" \/>\n<meta property=\"article:modified_time\" content=\"2022-03-28T14:50:29+00:00\" \/>\n<meta property=\"og:image\" content=\"https:\/\/www.dompak.us\/wp-content\/uploads\/2022\/03\/adobestock_184525892-600x400-1.jpeg\" \/>\n<meta name=\"twitter:card\" content=\"summary_large_image\" \/>\n<meta name=\"twitter:label1\" content=\"Odhadovan\u00e1 doba \u010dten\u00ed\" \/>\n\t<meta name=\"twitter:data1\" content=\"3 minuty\" \/>\n<script type=\"application\/ld+json\" class=\"yoast-schema-graph\">{\"@context\":\"https:\/\/schema.org\",\"@graph\":[{\"@type\":\"WebPage\",\"@id\":\"https:\/\/www.dompak.us\/cs\/o-nas\/\",\"url\":\"https:\/\/www.dompak.us\/cs\/o-nas\/\",\"name\":\"O n\u00e1s - Dompak inc. - Jeste\u015bmy lepsi !\",\"isPartOf\":{\"@id\":\"https:\/\/www.dompak.us\/#website\"},\"primaryImageOfPage\":{\"@id\":\"https:\/\/www.dompak.us\/cs\/o-nas\/#primaryimage\"},\"image\":{\"@id\":\"https:\/\/www.dompak.us\/cs\/o-nas\/#primaryimage\"},\"thumbnailUrl\":\"https:\/\/www.dompak.us\/wp-content\/uploads\/2022\/03\/adobestock_184525892-600x400-1.jpeg\",\"datePublished\":\"2022-03-28T13:58:38+00:00\",\"dateModified\":\"2022-03-28T14:50:29+00:00\",\"breadcrumb\":{\"@id\":\"https:\/\/www.dompak.us\/cs\/o-nas\/#breadcrumb\"},\"inLanguage\":\"cs\",\"potentialAction\":[{\"@type\":\"ReadAction\",\"target\":[\"https:\/\/www.dompak.us\/cs\/o-nas\/\"]}]},{\"@type\":\"ImageObject\",\"inLanguage\":\"cs\",\"@id\":\"https:\/\/www.dompak.us\/cs\/o-nas\/#primaryimage\",\"url\":\"https:\/\/www.dompak.us\/wp-content\/uploads\/2022\/03\/adobestock_184525892-600x400-1.jpeg\",\"contentUrl\":\"https:\/\/www.dompak.us\/wp-content\/uploads\/2022\/03\/adobestock_184525892-600x400-1.jpeg\"},{\"@type\":\"BreadcrumbList\",\"@id\":\"https:\/\/www.dompak.us\/cs\/o-nas\/#breadcrumb\",\"itemListElement\":[{\"@type\":\"ListItem\",\"position\":1,\"name\":\"Home\",\"item\":\"https:\/\/www.dompak.us\/cs\/home\/\"},{\"@type\":\"ListItem\",\"position\":2,\"name\":\"O n\u00e1s\"}]},{\"@type\":\"WebSite\",\"@id\":\"https:\/\/www.dompak.us\/#website\",\"url\":\"https:\/\/www.dompak.us\/\",\"name\":\"Dompak inc. - Jeste\u015bmy lepsi !\",\"description\":\"\",\"publisher\":{\"@id\":\"https:\/\/www.dompak.us\/#organization\"},\"potentialAction\":[{\"@type\":\"SearchAction\",\"target\":{\"@type\":\"EntryPoint\",\"urlTemplate\":\"https:\/\/www.dompak.us\/?s={search_term_string}\"},\"query-input\":{\"@type\":\"PropertyValueSpecification\",\"valueRequired\":true,\"valueName\":\"search_term_string\"}}],\"inLanguage\":\"cs\"},{\"@type\":\"Organization\",\"@id\":\"https:\/\/www.dompak.us\/#organization\",\"name\":\"Dompak inc. - Jeste\u015bmy lepsi !\",\"url\":\"https:\/\/www.dompak.us\/\",\"logo\":{\"@type\":\"ImageObject\",\"inLanguage\":\"cs\",\"@id\":\"https:\/\/www.dompak.us\/#\/schema\/logo\/image\/\",\"url\":\"https:\/\/www.dompak.us\/wp-content\/uploads\/2022\/02\/cropped-logo.png\",\"contentUrl\":\"https:\/\/www.dompak.us\/wp-content\/uploads\/2022\/02\/cropped-logo.png\",\"width\":150,\"height\":42,\"caption\":\"Dompak inc. - Jeste\u015bmy lepsi !\"},\"image\":{\"@id\":\"https:\/\/www.dompak.us\/#\/schema\/logo\/image\/\"}}]}<\/script>\n<!-- \/ Yoast SEO plugin. -->","yoast_head_json":{"title":"O n\u00e1s - Dompak inc. - Jeste\u015bmy lepsi !","robots":{"index":"index","follow":"follow","max-snippet":"max-snippet:-1","max-image-preview":"max-image-preview:large","max-video-preview":"max-video-preview:-1"},"canonical":"https:\/\/www.dompak.us\/cs\/o-nas\/","og_locale":"cs_CZ","og_type":"article","og_title":"O n\u00e1s - Dompak inc. - Jeste\u015bmy lepsi !","og_description":"V\u0160E O DOMPAK CORPORATION Dompak Corporation&nbsp;je firma zab\u00fdvaj\u00edc\u00ed se zas\u00edl\u00e1n\u00edm bal\u00edk\u016f, automobil\u016f, st\u011bhovan\u00e9ho majetku, obchodn\u00edho zbo\u017e\u00ed do Polska a do v\u011bt\u0161iny zem\u00ed Evropsk\u00e9 unie. Na\u0161e zku\u0161enosti a z\u00e1ruka kvality na poskytovan\u00e9 slu\u017eby jsou skute\u010dnost\u00ed, \u017ee Dompak Corporation spolupracuje s Doma Services Antoni Wn\u0119kowicz p\u016fsob\u00edc\u00ed na trhu z\u00e1silek ji\u017e v\u00edce ne\u017e 20 let. Firma se specializuje [&hellip;]","og_url":"https:\/\/www.dompak.us\/cs\/o-nas\/","og_site_name":"Dompak inc. - Jeste\u015bmy lepsi !","article_modified_time":"2022-03-28T14:50:29+00:00","og_image":[{"url":"https:\/\/www.dompak.us\/wp-content\/uploads\/2022\/03\/adobestock_184525892-600x400-1.jpeg","type":"","width":"","height":""}],"twitter_card":"summary_large_image","twitter_misc":{"Odhadovan\u00e1 doba \u010dten\u00ed":"3 minuty"},"schema":{"@context":"https:\/\/schema.org","@graph":[{"@type":"WebPage","@id":"https:\/\/www.dompak.us\/cs\/o-nas\/","url":"https:\/\/www.dompak.us\/cs\/o-nas\/","name":"O n\u00e1s - Dompak inc. - Jeste\u015bmy lepsi !","isPartOf":{"@id":"https:\/\/www.dompak.us\/#website"},"primaryImageOfPage":{"@id":"https:\/\/www.dompak.us\/cs\/o-nas\/#primaryimage"},"image":{"@id":"https:\/\/www.dompak.us\/cs\/o-nas\/#primaryimage"},"thumbnailUrl":"https:\/\/www.dompak.us\/wp-content\/uploads\/2022\/03\/adobestock_184525892-600x400-1.jpeg","datePublished":"2022-03-28T13:58:38+00:00","dateModified":"2022-03-28T14:50:29+00:00","breadcrumb":{"@id":"https:\/\/www.dompak.us\/cs\/o-nas\/#breadcrumb"},"inLanguage":"cs","potentialAction":[{"@type":"ReadAction","target":["https:\/\/www.dompak.us\/cs\/o-nas\/"]}]},{"@type":"ImageObject","inLanguage":"cs","@id":"https:\/\/www.dompak.us\/cs\/o-nas\/#primaryimage","url":"https:\/\/www.dompak.us\/wp-content\/uploads\/2022\/03\/adobestock_184525892-600x400-1.jpeg","contentUrl":"https:\/\/www.dompak.us\/wp-content\/uploads\/2022\/03\/adobestock_184525892-600x400-1.jpeg"},{"@type":"BreadcrumbList","@id":"https:\/\/www.dompak.us\/cs\/o-nas\/#breadcrumb","itemListElement":[{"@type":"ListItem","position":1,"name":"Home","item":"https:\/\/www.dompak.us\/cs\/home\/"},{"@type":"ListItem","position":2,"name":"O n\u00e1s"}]},{"@type":"WebSite","@id":"https:\/\/www.dompak.us\/#website","url":"https:\/\/www.dompak.us\/","name":"Dompak inc. - Jeste\u015bmy lepsi !","description":"","publisher":{"@id":"https:\/\/www.dompak.us\/#organization"},"potentialAction":[{"@type":"SearchAction","target":{"@type":"EntryPoint","urlTemplate":"https:\/\/www.dompak.us\/?s={search_term_string}"},"query-input":{"@type":"PropertyValueSpecification","valueRequired":true,"valueName":"search_term_string"}}],"inLanguage":"cs"},{"@type":"Organization","@id":"https:\/\/www.dompak.us\/#organization","name":"Dompak inc. - Jeste\u015bmy lepsi !","url":"https:\/\/www.dompak.us\/","logo":{"@type":"ImageObject","inLanguage":"cs","@id":"https:\/\/www.dompak.us\/#\/schema\/logo\/image\/","url":"https:\/\/www.dompak.us\/wp-content\/uploads\/2022\/02\/cropped-logo.png","contentUrl":"https:\/\/www.dompak.us\/wp-content\/uploads\/2022\/02\/cropped-logo.png","width":150,"height":42,"caption":"Dompak inc. - Jeste\u015bmy lepsi !"},"image":{"@id":"https:\/\/www.dompak.us\/#\/schema\/logo\/image\/"}}]}},"jetpack_sharing_enabled":true,"_links":{"self":[{"href":"https:\/\/www.dompak.us\/cs\/wp-json\/wp\/v2\/pages\/1338","targetHints":{"allow":["GET"]}}],"collection":[{"href":"https:\/\/www.dompak.us\/cs\/wp-json\/wp\/v2\/pages"}],"about":[{"href":"https:\/\/www.dompak.us\/cs\/wp-json\/wp\/v2\/types\/page"}],"author":[{"embeddable":true,"href":"https:\/\/www.dompak.us\/cs\/wp-json\/wp\/v2\/users\/3"}],"replies":[{"embeddable":true,"href":"https:\/\/www.dompak.us\/cs\/wp-json\/wp\/v2\/comments?post=1338"}],"version-history":[{"count":2,"href":"https:\/\/www.dompak.us\/cs\/wp-json\/wp\/v2\/pages\/1338\/revisions"}],"predecessor-version":[{"id":1453,"href":"https:\/\/www.dompak.us\/cs\/wp-json\/wp\/v2\/pages\/1338\/revisions\/1453"}],"wp:attachment":[{"href":"https:\/\/www.dompak.us\/cs\/wp-json\/wp\/v2\/media?parent=1338"}],"curies":[{"name":"wp","href":"https:\/\/api.w.org\/{rel}","templated":true}]}}