{"id":1378,"date":"2022-03-28T14:28:42","date_gmt":"2022-03-28T14:28:42","guid":{"rendered":"https:\/\/www.dompak.us\/?page_id=1378"},"modified":"2023-07-05T10:43:14","modified_gmt":"2023-07-05T10:43:14","slug":"lokality","status":"publish","type":"page","link":"https:\/\/www.dompak.us\/cs\/lokality\/","title":{"rendered":"Lokality"},"content":{"rendered":"\n<p>Na\u0161e nab\u00eddka zahrnuje nejen z\u00e1silky do <strong>\u010cesk\u00e9 Republiky<\/strong>. Z\u00e1silky doru\u010dujeme na <strong>Ukrajinu<\/strong> a do v\u011bt\u0161iny zem\u00ed Evropsk\u00e9 unie, jako jsou: <strong>Rakousko, Belgie, Bulharsko, D\u00e1nsko, Estonsko, Finsko, Francie, \u0160pan\u011blsko, Nizozemsko, Irsko, Lucembursko, Litva, Loty\u0161sko, N\u011bmecko, Portugalsko, Polsko , Rumunsko, Slovensko, Slovinsko, \u0160v\u00e9dsko a Ma\u010farsko.<\/strong> Na\u0161e slu\u017eba je p\u0159edev\u0161\u00edm z\u00e1rukou nejvy\u0161\u0161\u00ed kvality slu\u017eeb, kter\u00e9 poskytujeme pouze ve spolupr\u00e1ci s prov\u011b\u0159en\u00fdmi a zku\u0161en\u00fdmi partnery.<\/p>\n\n\n\n<div style=\"height:40px\" aria-hidden=\"true\" class=\"wp-block-spacer\"><\/div>\n\n\n\n<h3 class=\"wp-block-heading\" id=\"autoryzowane-oddzialy-oraz-partnerzy-dompak-corporation-w-usa\">Autorizovan\u00e9 pobo\u010dky a partne\u0159i Dompak Corporation v USA<\/h3>\n\n\n\n<div style=\"height:40px\" aria-hidden=\"true\" class=\"wp-block-spacer\"><\/div>\n","protected":false},"excerpt":{"rendered":"<p>Na\u0161e nab\u00eddka zahrnuje nejen z\u00e1silky do \u010cesk\u00e9 Republiky. Z\u00e1silky doru\u010dujeme na Ukrajinu a do v\u011bt\u0161iny zem\u00ed Evropsk\u00e9 unie, jako jsou: Rakousko, Belgie, Bulharsko, D\u00e1nsko, Estonsko, Finsko, Francie, \u0160pan\u011blsko, Nizozemsko, Irsko, Lucembursko, Litva, Loty\u0161sko, N\u011bmecko, Portugalsko, Polsko , Rumunsko, Slovensko, Slovinsko, \u0160v\u00e9dsko a Ma\u010farsko. Na\u0161e slu\u017eba je p\u0159edev\u0161\u00edm z\u00e1rukou nejvy\u0161\u0161\u00ed kvality slu\u017eeb, kter\u00e9 poskytujeme pouze ve [&hellip;]<\/p>\n","protected":false},"author":3,"featured_media":0,"parent":0,"menu_order":0,"comment_status":"closed","ping_status":"closed","template":"templates\/page-location.php","meta":{"_acf_changed":false,"inline_featured_image":false,"footnotes":""},"class_list":["post-1378","page","type-page","status-publish","hentry"],"acf":[],"yoast_head":"<!-- This site is optimized with the Yoast SEO plugin v26.2 - https:\/\/yoast.com\/wordpress\/plugins\/seo\/ -->\n<title>Lokality - Dompak inc. - Jeste\u015bmy lepsi !<\/title>\n<meta name=\"robots\" content=\"index, follow, max-snippet:-1, max-image-preview:large, max-video-preview:-1\" \/>\n<link rel=\"canonical\" href=\"https:\/\/www.dompak.us\/cs\/lokality\/\" \/>\n<meta property=\"og:locale\" content=\"cs_CZ\" \/>\n<meta property=\"og:type\" content=\"article\" \/>\n<meta property=\"og:title\" content=\"Lokality - Dompak inc. - Jeste\u015bmy lepsi !\" \/>\n<meta property=\"og:description\" content=\"Na\u0161e nab\u00eddka zahrnuje nejen z\u00e1silky do \u010cesk\u00e9 Republiky. Z\u00e1silky doru\u010dujeme na Ukrajinu a do v\u011bt\u0161iny zem\u00ed Evropsk\u00e9 unie, jako jsou: Rakousko, Belgie, Bulharsko, D\u00e1nsko, Estonsko, Finsko, Francie, \u0160pan\u011blsko, Nizozemsko, Irsko, Lucembursko, Litva, Loty\u0161sko, N\u011bmecko, Portugalsko, Polsko , Rumunsko, Slovensko, Slovinsko, \u0160v\u00e9dsko a Ma\u010farsko. Na\u0161e slu\u017eba je p\u0159edev\u0161\u00edm z\u00e1rukou nejvy\u0161\u0161\u00ed kvality slu\u017eeb, kter\u00e9 poskytujeme pouze ve [&hellip;]\" \/>\n<meta property=\"og:url\" content=\"https:\/\/www.dompak.us\/cs\/lokality\/\" \/>\n<meta property=\"og:site_name\" content=\"Dompak inc. - Jeste\u015bmy lepsi !\" \/>\n<meta property=\"article:modified_time\" content=\"2023-07-05T10:43:14+00:00\" \/>\n<meta name=\"twitter:card\" content=\"summary_large_image\" \/>\n<script type=\"application\/ld+json\" class=\"yoast-schema-graph\">{\"@context\":\"https:\/\/schema.org\",\"@graph\":[{\"@type\":\"WebPage\",\"@id\":\"https:\/\/www.dompak.us\/cs\/lokality\/\",\"url\":\"https:\/\/www.dompak.us\/cs\/lokality\/\",\"name\":\"Lokality - Dompak inc. - Jeste\u015bmy lepsi !\",\"isPartOf\":{\"@id\":\"https:\/\/www.dompak.us\/#website\"},\"datePublished\":\"2022-03-28T14:28:42+00:00\",\"dateModified\":\"2023-07-05T10:43:14+00:00\",\"breadcrumb\":{\"@id\":\"https:\/\/www.dompak.us\/cs\/lokality\/#breadcrumb\"},\"inLanguage\":\"cs\",\"potentialAction\":[{\"@type\":\"ReadAction\",\"target\":[\"https:\/\/www.dompak.us\/cs\/lokality\/\"]}]},{\"@type\":\"BreadcrumbList\",\"@id\":\"https:\/\/www.dompak.us\/cs\/lokality\/#breadcrumb\",\"itemListElement\":[{\"@type\":\"ListItem\",\"position\":1,\"name\":\"Home\",\"item\":\"https:\/\/www.dompak.us\/cs\/home\/\"},{\"@type\":\"ListItem\",\"position\":2,\"name\":\"Lokality\"}]},{\"@type\":\"WebSite\",\"@id\":\"https:\/\/www.dompak.us\/#website\",\"url\":\"https:\/\/www.dompak.us\/\",\"name\":\"Dompak inc. - Jeste\u015bmy lepsi !\",\"description\":\"\",\"publisher\":{\"@id\":\"https:\/\/www.dompak.us\/#organization\"},\"potentialAction\":[{\"@type\":\"SearchAction\",\"target\":{\"@type\":\"EntryPoint\",\"urlTemplate\":\"https:\/\/www.dompak.us\/?s={search_term_string}\"},\"query-input\":{\"@type\":\"PropertyValueSpecification\",\"valueRequired\":true,\"valueName\":\"search_term_string\"}}],\"inLanguage\":\"cs\"},{\"@type\":\"Organization\",\"@id\":\"https:\/\/www.dompak.us\/#organization\",\"name\":\"Dompak inc. - Jeste\u015bmy lepsi !\",\"url\":\"https:\/\/www.dompak.us\/\",\"logo\":{\"@type\":\"ImageObject\",\"inLanguage\":\"cs\",\"@id\":\"https:\/\/www.dompak.us\/#\/schema\/logo\/image\/\",\"url\":\"https:\/\/www.dompak.us\/wp-content\/uploads\/2022\/02\/cropped-logo.png\",\"contentUrl\":\"https:\/\/www.dompak.us\/wp-content\/uploads\/2022\/02\/cropped-logo.png\",\"width\":150,\"height\":42,\"caption\":\"Dompak inc. - Jeste\u015bmy lepsi !\"},\"image\":{\"@id\":\"https:\/\/www.dompak.us\/#\/schema\/logo\/image\/\"}}]}<\/script>\n<!-- \/ Yoast SEO plugin. -->","yoast_head_json":{"title":"Lokality - Dompak inc. - Jeste\u015bmy lepsi !","robots":{"index":"index","follow":"follow","max-snippet":"max-snippet:-1","max-image-preview":"max-image-preview:large","max-video-preview":"max-video-preview:-1"},"canonical":"https:\/\/www.dompak.us\/cs\/lokality\/","og_locale":"cs_CZ","og_type":"article","og_title":"Lokality - Dompak inc. - Jeste\u015bmy lepsi !","og_description":"Na\u0161e nab\u00eddka zahrnuje nejen z\u00e1silky do \u010cesk\u00e9 Republiky. Z\u00e1silky doru\u010dujeme na Ukrajinu a do v\u011bt\u0161iny zem\u00ed Evropsk\u00e9 unie, jako jsou: Rakousko, Belgie, Bulharsko, D\u00e1nsko, Estonsko, Finsko, Francie, \u0160pan\u011blsko, Nizozemsko, Irsko, Lucembursko, Litva, Loty\u0161sko, N\u011bmecko, Portugalsko, Polsko , Rumunsko, Slovensko, Slovinsko, \u0160v\u00e9dsko a Ma\u010farsko. Na\u0161e slu\u017eba je p\u0159edev\u0161\u00edm z\u00e1rukou nejvy\u0161\u0161\u00ed kvality slu\u017eeb, kter\u00e9 poskytujeme pouze ve [&hellip;]","og_url":"https:\/\/www.dompak.us\/cs\/lokality\/","og_site_name":"Dompak inc. - Jeste\u015bmy lepsi !","article_modified_time":"2023-07-05T10:43:14+00:00","twitter_card":"summary_large_image","schema":{"@context":"https:\/\/schema.org","@graph":[{"@type":"WebPage","@id":"https:\/\/www.dompak.us\/cs\/lokality\/","url":"https:\/\/www.dompak.us\/cs\/lokality\/","name":"Lokality - Dompak inc. - Jeste\u015bmy lepsi !","isPartOf":{"@id":"https:\/\/www.dompak.us\/#website"},"datePublished":"2022-03-28T14:28:42+00:00","dateModified":"2023-07-05T10:43:14+00:00","breadcrumb":{"@id":"https:\/\/www.dompak.us\/cs\/lokality\/#breadcrumb"},"inLanguage":"cs","potentialAction":[{"@type":"ReadAction","target":["https:\/\/www.dompak.us\/cs\/lokality\/"]}]},{"@type":"BreadcrumbList","@id":"https:\/\/www.dompak.us\/cs\/lokality\/#breadcrumb","itemListElement":[{"@type":"ListItem","position":1,"name":"Home","item":"https:\/\/www.dompak.us\/cs\/home\/"},{"@type":"ListItem","position":2,"name":"Lokality"}]},{"@type":"WebSite","@id":"https:\/\/www.dompak.us\/#website","url":"https:\/\/www.dompak.us\/","name":"Dompak inc. - Jeste\u015bmy lepsi !","description":"","publisher":{"@id":"https:\/\/www.dompak.us\/#organization"},"potentialAction":[{"@type":"SearchAction","target":{"@type":"EntryPoint","urlTemplate":"https:\/\/www.dompak.us\/?s={search_term_string}"},"query-input":{"@type":"PropertyValueSpecification","valueRequired":true,"valueName":"search_term_string"}}],"inLanguage":"cs"},{"@type":"Organization","@id":"https:\/\/www.dompak.us\/#organization","name":"Dompak inc. - Jeste\u015bmy lepsi !","url":"https:\/\/www.dompak.us\/","logo":{"@type":"ImageObject","inLanguage":"cs","@id":"https:\/\/www.dompak.us\/#\/schema\/logo\/image\/","url":"https:\/\/www.dompak.us\/wp-content\/uploads\/2022\/02\/cropped-logo.png","contentUrl":"https:\/\/www.dompak.us\/wp-content\/uploads\/2022\/02\/cropped-logo.png","width":150,"height":42,"caption":"Dompak inc. - Jeste\u015bmy lepsi !"},"image":{"@id":"https:\/\/www.dompak.us\/#\/schema\/logo\/image\/"}}]}},"jetpack_sharing_enabled":true,"_links":{"self":[{"href":"https:\/\/www.dompak.us\/cs\/wp-json\/wp\/v2\/pages\/1378","targetHints":{"allow":["GET"]}}],"collection":[{"href":"https:\/\/www.dompak.us\/cs\/wp-json\/wp\/v2\/pages"}],"about":[{"href":"https:\/\/www.dompak.us\/cs\/wp-json\/wp\/v2\/types\/page"}],"author":[{"embeddable":true,"href":"https:\/\/www.dompak.us\/cs\/wp-json\/wp\/v2\/users\/3"}],"replies":[{"embeddable":true,"href":"https:\/\/www.dompak.us\/cs\/wp-json\/wp\/v2\/comments?post=1378"}],"version-history":[{"count":6,"href":"https:\/\/www.dompak.us\/cs\/wp-json\/wp\/v2\/pages\/1378\/revisions"}],"predecessor-version":[{"id":4645,"href":"https:\/\/www.dompak.us\/cs\/wp-json\/wp\/v2\/pages\/1378\/revisions\/4645"}],"wp:attachment":[{"href":"https:\/\/www.dompak.us\/cs\/wp-json\/wp\/v2\/media?parent=1378"}],"curies":[{"name":"wp","href":"https:\/\/api.w.org\/{rel}","templated":true}]}}