{"id":1380,"date":"2022-03-28T14:29:17","date_gmt":"2022-03-28T14:29:17","guid":{"rendered":"https:\/\/www.dompak.us\/?page_id=1380"},"modified":"2022-03-28T14:29:19","modified_gmt":"2022-03-28T14:29:19","slug":"kalkulacka","status":"publish","type":"page","link":"https:\/\/www.dompak.us\/cs\/kalkulacka\/","title":{"rendered":"Kalkula\u010dka"},"content":{"rendered":"\n<p>Szczeg\u00f3\u0142owy cennik przesy\u0142ek dost\u0119pny w biurach Dompak&nbsp;New York \/ New Jersey<\/p>\n\n\n<h2 id=\"tablepress-1-name\" class=\"tablepress-table-name tablepress-table-name-id-1\">Price list<\/h2>\n\n<table id=\"tablepress-1\" class=\"tablepress tablepress-id-1\" aria-labelledby=\"tablepress-1-name\" aria-describedby=\"tablepress-1-description\">\n<thead>\n<tr class=\"row-1\">\n\t<th class=\"column-1\">Country<\/th><th class=\"column-2\">Premium<\/th><th class=\"column-3\">Economy Express<\/th><th class=\"column-4\">Regular<\/th>\n<\/tr>\n<\/thead>\n<tbody class=\"row-striping row-hover\">\n<tr class=\"row-2\">\n\t<td class=\"column-1\"><div><img loading=\"lazy\" decoding=\"async\" src=\"https:\/\/www.dompak.us\/wp-content\/uploads\/2022\/03\/poland-150x90-1.png\" alt=\"\" width=\"75\" height=\"45\" class=\"aligncenter size-thumbnail wp-image-427\" \/><p style=\"text-align:center;\">Poland<\/p><\/div><\/td><td class=\"column-2\">Price: $3,00\/lb<br \/>\nMinimum: 6 lb<br \/>\nService fee: $12<br \/>\nDelivery: 5-7 business days<\/td><td class=\"column-3\">Price: $0,89\/lb<br \/>\nMinimum: 20 lb<br \/>\nService fee: $12<br \/>\nDelivery: 3-5 weeks<\/td><td class=\"column-4\">Price: $0,79\/lb<br \/>\nMinimum: 20 lb<br \/>\nService fee: $12<br \/>\nDelivery: 5-7 weeks<\/td>\n<\/tr>\n<tr class=\"row-3\">\n\t<td class=\"column-1\"><div><img loading=\"lazy\" decoding=\"async\" src=\"https:\/\/www.dompak.us\/wp-content\/uploads\/2022\/03\/slovakia-150x90-1.png\" alt=\"\" width=\"75\" height=\"45\" class=\"aligncenter size-thumbnail wp-image-427\" \/><p style=\"text-align:center;\">Slovakia<\/p><\/div><\/td><td class=\"column-2\">Price: $2,59\/lb<br \/>\nMinimum: 8 lb<br \/>\nService fee: $13<br \/>\nDelivery: 7-12 business days<\/td><td class=\"column-3\"><\/td><td class=\"column-4\">Price: $0,95\/lb<br \/>\nMinimum: 20 lb<br \/>\nService fee: $13<br \/>\nDelivery: 5-7 weeks<\/td>\n<\/tr>\n<tr class=\"row-4\">\n\t<td class=\"column-1\"><div><img loading=\"lazy\" decoding=\"async\" src=\"https:\/\/www.dompak.us\/wp-content\/uploads\/2022\/03\/czech-rep-150x90-1.png\" alt=\"\" width=\"75\" height=\"45\" class=\"aligncenter size-thumbnail wp-image-427\" \/><p style=\"text-align:center;\">Czech Republic<\/p><\/div><\/td><td class=\"column-2\">Price: $2,59\/lb<br \/>\nMinimum: 8 lb<br \/>\nService fee: $13<br \/>\nDelivery: 7-12 business days<\/td><td class=\"column-3\"><\/td><td class=\"column-4\">Price: $0,95\/lb<br \/>\nMinimum: 20 lb<br \/>\nService fee: $13<br \/>\nDelivery: 5-7 weeks<\/td>\n<\/tr>\n<tr class=\"row-5\">\n\t<td class=\"column-1\"><div><img loading=\"lazy\" decoding=\"async\" src=\"https:\/\/www.dompak.us\/wp-content\/uploads\/2022\/03\/austria-150x90-1.png\" alt=\"\" width=\"75\" height=\"45\" class=\"aligncenter size-thumbnail wp-image-427\" \/><p style=\"text-align:center;\">Austria<\/p><\/div><\/td><td class=\"column-2\">Price: $2,70\/lb<br \/>\nMinimum: 8 lb<br \/>\nService fee: $25<br \/>\nDelivery:  1- 2 weeks<\/td><td class=\"column-3\"><\/td><td class=\"column-4\">Price: $1,49\/lb<br \/>\nMinimum: 20 lb<br \/>\nService fee: $25<br \/>\nDelivery: 5-8 weeks<\/td>\n<\/tr>\n<tr class=\"row-6\">\n\t<td class=\"column-1\"><div><img loading=\"lazy\" decoding=\"async\" src=\"https:\/\/www.dompak.us\/wp-content\/uploads\/2022\/03\/belarus-150x75-1.png\" alt=\"\" width=\"75\" height=\"45\" class=\"aligncenter size-thumbnail wp-image-427\" \/><p style=\"text-align:center;\">Belarus<\/p><\/div><\/td><td class=\"column-2\"><\/td><td class=\"column-3\"><\/td><td class=\"column-4\">Price: $1,59\/lb<br \/>\nMinimum: 15 lb<br \/>\nService fee: $20<br \/>\nDelivery: 6-8 weeks<\/td>\n<\/tr>\n<tr class=\"row-7\">\n\t<td class=\"column-1\"><div><img loading=\"lazy\" decoding=\"async\" src=\"https:\/\/www.dompak.us\/wp-content\/uploads\/2022\/03\/belgia-150x90-1.png\" alt=\"\" width=\"75\" height=\"45\" class=\"aligncenter size-thumbnail wp-image-427\" \/><p style=\"text-align:center;\">Belgium<\/p><\/div><\/td><td class=\"column-2\">Price: $2,70\/lb<br \/>\nMinimum: 8 lb<br \/>\nService fee: $25<br \/>\nDelivery: 1-2 weeks<\/td><td class=\"column-3\"><\/td><td class=\"column-4\">\tPrice: $1,49\/lb<br \/>\nMinimum: 20 lb<br \/>\nService fee: $25<br \/>\nDelivery: 5-8 weeks<\/td>\n<\/tr>\n<tr class=\"row-8\">\n\t<td class=\"column-1\"><div><img loading=\"lazy\" decoding=\"async\" src=\"https:\/\/www.dompak.us\/wp-content\/uploads\/2022\/03\/denmark-150x90-1.png\" alt=\"\" width=\"75\" height=\"45\" class=\"aligncenter size-thumbnail wp-image-427\" \/><p style=\"text-align:center;\">Denmark<\/p><\/div><\/td><td class=\"column-2\">Price: $2,70\/lb<br \/>\nMinimum: 8 lb<br \/>\nService fee: $25<br \/>\nDelivery: 1-2 weeks<\/td><td class=\"column-3\"><\/td><td class=\"column-4\">\tPrice: $1,49\/lb<br \/>\nMinimum: 20 lb<br \/>\nService fee: $25<br \/>\nDelivery: 5-8 weeks<\/td>\n<\/tr>\n<tr class=\"row-9\">\n\t<td class=\"column-1\"><div><img loading=\"lazy\" decoding=\"async\" src=\"https:\/\/www.dompak.us\/wp-content\/uploads\/2022\/03\/estonia-150x90-1.png\" alt=\"\" width=\"75\" height=\"45\" class=\"aligncenter size-thumbnail wp-image-427\" \/><p style=\"text-align:center;\">Estonia<\/p><\/div><\/td><td class=\"column-2\">Price: $2,70\/lb<br \/>\nMinimum: 8 lb<br \/>\nService fee: $20<br \/>\nDelivery: 1-2 weeks<\/td><td class=\"column-3\"><\/td><td class=\"column-4\">Price: $1,59\/lb<br \/>\nMinimum: 20 lb<br \/>\nService fee: $20<br \/>\nDelivery: 5-8 weeks<\/td>\n<\/tr>\n<tr class=\"row-10\">\n\t<td class=\"column-1\"><div><img loading=\"lazy\" decoding=\"async\" src=\"https:\/\/www.dompak.us\/wp-content\/uploads\/2022\/03\/finland-150x91-1.png\" alt=\"\" width=\"75\" height=\"45\" class=\"aligncenter size-thumbnail wp-image-427\" \/><p style=\"text-align:center;\">Finland<\/p><\/div><\/td><td class=\"column-2\">Price: $2,70\/lb<br \/>\nMinimum: 8 lb<br \/>\nService fee: $46<br \/>\nDelivery: 1-2 weeks<\/td><td class=\"column-3\"><\/td><td class=\"column-4\">\tPrice: $1,65\/lb<br \/>\nMinimum: 20 lb<br \/>\nService fee: $46<br \/>\nDelivery: 5-8 weeks<\/td>\n<\/tr>\n<tr class=\"row-11\">\n\t<td class=\"column-1\"><div><img loading=\"lazy\" decoding=\"async\" src=\"https:\/\/www.dompak.us\/wp-content\/uploads\/2022\/03\/france-150x90-1.png\" alt=\"\" width=\"75\" height=\"45\" class=\"aligncenter size-thumbnail wp-image-427\" \/><p style=\"text-align:center;\">France<\/p><\/div><\/td><td class=\"column-2\">Price: $3,00\/lb<br \/>\nMinimum: 8 lb<br \/>\nService fee: $35<br \/>\nDelivery: 1-2 weeks<\/td><td class=\"column-3\"><\/td><td class=\"column-4\">Price: $1,80\/lb<br \/>\nMinimum: 20 lb<br \/>\nService fee: $35<br \/>\nDelivery: 5-8 weeks<\/td>\n<\/tr>\n<tr class=\"row-12\">\n\t<td class=\"column-1\"><div><img loading=\"lazy\" decoding=\"async\" src=\"https:\/\/www.dompak.us\/wp-content\/uploads\/2022\/03\/germany-150x90-1.png\" alt=\"\" width=\"75\" height=\"45\" class=\"aligncenter size-thumbnail wp-image-427\" \/><p style=\"text-align:center;\">Germany<\/p><\/div><\/td><td class=\"column-2\">Price: $2,70\/lb<br \/>\nMinimum: 8 lb<br \/>\nService fee: $25<br \/>\nDelivery: 1-2 weeks<\/td><td class=\"column-3\"><\/td><td class=\"column-4\">\tPrice: $1,38\/lb<br \/>\nMinimum: 20 lb<br \/>\nService fee: $25<br \/>\nDelivery: 5-8 weeks<\/td>\n<\/tr>\n<tr class=\"row-13\">\n\t<td class=\"column-1\"><div><img loading=\"lazy\" decoding=\"async\" src=\"https:\/\/www.dompak.us\/wp-content\/uploads\/2022\/03\/great-britan-150x90-1.png\" alt=\"\" width=\"75\" height=\"45\" class=\"aligncenter size-thumbnail wp-image-427\" \/><p style=\"text-align:center;\">Great Britain<\/p><\/div><\/td><td class=\"column-2\">Price: $3,10\/lb<br \/>\nMinimum: 8 lb<br \/>\nService fee: $33<br \/>\nDelivery: 1-2 weeks<\/td><td class=\"column-3\"><\/td><td class=\"column-4\">Price: $2,10\/lb<br \/>\nMinimum: 20 lb<br \/>\nService fee: $33<br \/>\nDelivery: 5-8 weeks<\/td>\n<\/tr>\n<tr class=\"row-14\">\n\t<td class=\"column-1\"><div><img loading=\"lazy\" decoding=\"async\" src=\"https:\/\/www.dompak.us\/wp-content\/uploads\/2022\/03\/hungary-150x90-1.png\" alt=\"\" width=\"75\" height=\"45\" class=\"aligncenter size-thumbnail wp-image-427\" \/><p style=\"text-align:center;\">Hungary<\/p><\/div><\/td><td class=\"column-2\">Price: $2,70\/lb<br \/>\nMinimum: 8 lb<br \/>\nService fee: $13<br \/>\nDelivery: 1-2 weeks<\/td><td class=\"column-3\"><\/td><td class=\"column-4\">Price: $1,45\/lb<br \/>\nMinimum: 20 lb<br \/>\nService fee: $13<br \/>\nDelivery: 5-8 weeks<\/td>\n<\/tr>\n<tr class=\"row-15\">\n\t<td class=\"column-1\"><div><img loading=\"lazy\" decoding=\"async\" src=\"https:\/\/www.dompak.us\/wp-content\/uploads\/2022\/03\/ireland-150x90-1.png\" alt=\"\" width=\"75\" height=\"45\" class=\"aligncenter size-thumbnail wp-image-427\" \/><p style=\"text-align:center;\">Ireland<\/p><\/div><\/td><td class=\"column-2\">Price: $3,00\/lb<br \/>\nMinimum: 8 lb<br \/>\nService fee: $37<br \/>\nDelivery: 1-2 weeks<\/td><td class=\"column-3\"><\/td><td class=\"column-4\">\tPrice: $1,70\/lb<br \/>\nMinimum: 20 lb<br \/>\nService fee: $37<br \/>\nDelivery: 5-8 weeks<\/td>\n<\/tr>\n<tr class=\"row-16\">\n\t<td class=\"column-1\"><div><img loading=\"lazy\" decoding=\"async\" src=\"https:\/\/www.dompak.us\/wp-content\/uploads\/2022\/03\/italy-150x90-1.png\" alt=\"\" width=\"75\" height=\"45\" class=\"aligncenter size-thumbnail wp-image-427\" \/><p style=\"text-align:center;\">Italy<\/p><\/div><\/td><td class=\"column-2\">Price: $3,10\/lb<br \/>\nMinimum: 8 lb<br \/>\nService fee: $33<br \/>\nDelivery: 1-2 weeks<\/td><td class=\"column-3\"><\/td><td class=\"column-4\">\tPrice: $2,10\/lb<br \/>\nMinimum: 20 lb<br \/>\nService fee: $33<br \/>\nDelivery: 5-8 weeks<\/td>\n<\/tr>\n<tr class=\"row-17\">\n\t<td class=\"column-1\"><div><img loading=\"lazy\" decoding=\"async\" src=\"https:\/\/www.dompak.us\/wp-content\/uploads\/2022\/03\/lituenia-150x90-1.png\" alt=\"\" width=\"75\" height=\"45\" class=\"aligncenter size-thumbnail wp-image-427\" \/><p style=\"text-align:center;\">Latvia<\/p><\/div><\/td><td class=\"column-2\">Price: $2,70\/lb<br \/>\nMinimum: 8 lb<br \/>\nService fee: $20<br \/>\nDelivery: 1-2 weeks<\/td><td class=\"column-3\"><\/td><td class=\"column-4\">Price: $1,59\/lb<br \/>\nMinimum: 20 lb<br \/>\nService fee: $20<br \/>\nDelivery: 5-8 weeks<\/td>\n<\/tr>\n<tr class=\"row-18\">\n\t<td class=\"column-1\"><div><img loading=\"lazy\" decoding=\"async\" src=\"https:\/\/www.dompak.us\/wp-content\/uploads\/2022\/03\/l2-150x90-1.png\" alt=\"\" width=\"75\" height=\"45\" class=\"aligncenter size-thumbnail wp-image-427\" \/><p style=\"text-align:center;\">Lithuania<\/p><\/div><\/td><td class=\"column-2\">Price: $2,70\/lb<br \/>\nMinimum: 8 lb<br \/>\nService fee: $20<br \/>\nDelivery: 1-2 weeks<\/td><td class=\"column-3\"><\/td><td class=\"column-4\">\tPrice: $1,59\/lb<br \/>\nMinimum: 20 lb<br \/>\nService fee: $20<br \/>\nDelivery: 5-8 weeks<\/td>\n<\/tr>\n<tr class=\"row-19\">\n\t<td class=\"column-1\"><div><img loading=\"lazy\" decoding=\"async\" src=\"https:\/\/www.dompak.us\/wp-content\/uploads\/2022\/03\/luxsemburg-150x90-1.png\" alt=\"\" width=\"75\" height=\"45\" class=\"aligncenter size-thumbnail wp-image-427\" \/><p style=\"text-align:center;\">Luxemburg<\/p><\/div><\/td><td class=\"column-2\">Price: $3,00\/lb<br \/>\nMinimum: 8 lb<br \/>\nService fee: $30<br \/>\nDelivery: 1-2 weeks<\/td><td class=\"column-3\"><\/td><td class=\"column-4\">Price: $1,49\/lb<br \/>\nMinimum: 20 lb<br \/>\nService fee: $30<br \/>\nDelivery: 5-8 weeks<\/td>\n<\/tr>\n<tr class=\"row-20\">\n\t<td class=\"column-1\"><div><img loading=\"lazy\" decoding=\"async\" src=\"https:\/\/www.dompak.us\/wp-content\/uploads\/2022\/03\/moldawia-150x75-1.png\" alt=\"\" width=\"75\" height=\"45\" class=\"aligncenter size-thumbnail wp-image-427\" \/><p style=\"text-align:center;\">Moldova<\/p><\/div><\/td><td class=\"column-2\"><\/td><td class=\"column-3\"><\/td><td class=\"column-4\">\tPrice: $1,59\/lb<br \/>\nMinimum: 15 lb<br \/>\nService fee: $20<br \/>\nDelivery: 6-9 weeks<\/td>\n<\/tr>\n<tr class=\"row-21\">\n\t<td class=\"column-1\"><div><img loading=\"lazy\" decoding=\"async\" src=\"https:\/\/www.dompak.us\/wp-content\/uploads\/2022\/03\/netherlands-150x90-1.png\" alt=\"\" width=\"75\" height=\"45\" class=\"aligncenter size-thumbnail wp-image-427\" \/><p style=\"text-align:center;\">Netherlands<\/p><\/div><\/td><td class=\"column-2\">Price: $2,70\/lb<br \/>\nMinimum: 8 lb<br \/>\nService fee: $25<br \/>\nDelivery: 1-2 weeks<\/td><td class=\"column-3\"><\/td><td class=\"column-4\">Price: $1,38\/lb<br \/>\nMinimum: 20 lb<br \/>\nService fee: $25<br \/>\nDelivery: 5-8 weeks<\/td>\n<\/tr>\n<tr class=\"row-22\">\n\t<td class=\"column-1\"><div><img loading=\"lazy\" decoding=\"async\" src=\"https:\/\/www.dompak.us\/wp-content\/uploads\/2022\/03\/portugal-150x90-1.png\" alt=\"\" width=\"75\" height=\"45\" class=\"aligncenter size-thumbnail wp-image-427\" \/><p style=\"text-align:center;\">Portugal<\/p><\/div><\/td><td class=\"column-2\">Price: $3,10\/lb<br \/>\nMinimum: 8 lb<br \/>\nService fee: $46<br \/>\nDelivery: 1-2 weeks<\/td><td class=\"column-3\"><\/td><td class=\"column-4\">\tPrice: $1,70\/lb<br \/>\nMinimum: 20 lb<br \/>\nService fee: $46<br \/>\nDelivery: 5-8 weeks<\/td>\n<\/tr>\n<tr class=\"row-23\">\n\t<td class=\"column-1\"><div><img loading=\"lazy\" decoding=\"async\" src=\"https:\/\/www.dompak.us\/wp-content\/uploads\/2022\/03\/romania-150x90-1.png\" alt=\"\" width=\"75\" height=\"45\" class=\"aligncenter size-thumbnail wp-image-427\" \/><p style=\"text-align:center;\">Romania<\/p><\/div><\/td><td class=\"column-2\">Price: $2,70\/lb<br \/>\nMinimum: 8 lb<br \/>\nService fee: $22<br \/>\nDelivery: 1-2 weeks<\/td><td class=\"column-3\"><\/td><td class=\"column-4\">\tPrice: $1,45\/lb<br \/>\nMinimum: 20 lb<br \/>\nService fee: $22<br \/>\nDelivery: 5-8 weeks<\/td>\n<\/tr>\n<tr class=\"row-24\">\n\t<td class=\"column-1\"><div><img loading=\"lazy\" decoding=\"async\" src=\"https:\/\/www.dompak.us\/wp-content\/uploads\/2022\/03\/slovenia-150x90-1.png\" alt=\"\" width=\"75\" height=\"45\" class=\"aligncenter size-thumbnail wp-image-427\" \/><p style=\"text-align:center;\">Slovenia<\/p><\/div><\/td><td class=\"column-2\">Price: $2,70\/lb<br \/>\nMinimum: 8 lb<br \/>\nService fee: $35<br \/>\nDelivery: 1-2 weeks<\/td><td class=\"column-3\"><\/td><td class=\"column-4\">\tPrice: $1,77\/lb<br \/>\nMinimum: 20 lb<br \/>\nService fee: $35<br \/>\nDelivery: 5-8 weeks<\/td>\n<\/tr>\n<tr class=\"row-25\">\n\t<td class=\"column-1\"><div><img loading=\"lazy\" decoding=\"async\" src=\"https:\/\/www.dompak.us\/wp-content\/uploads\/2022\/03\/spain-150x90-1.png\" alt=\"\" width=\"75\" height=\"45\" class=\"aligncenter size-thumbnail wp-image-427\" \/><p style=\"text-align:center;\">Spain<\/p><\/div><\/td><td class=\"column-2\">Price: $3,00\/lb<br \/>\nMinimum: 8 lb<br \/>\nService fee: $46<br \/>\nDelivery: 1-2 weeks<\/td><td class=\"column-3\"><\/td><td class=\"column-4\">\tPrice: $1,65\/lb<br \/>\nMinimum: 20 lb<br \/>\nService fee: $46<br \/>\nDelivery: 5-8 weeks<\/td>\n<\/tr>\n<tr class=\"row-26\">\n\t<td class=\"column-1\"><div><img loading=\"lazy\" decoding=\"async\" src=\"https:\/\/www.dompak.us\/wp-content\/uploads\/2022\/03\/sweden-150x90-1.png\" alt=\"\" width=\"75\" height=\"45\" class=\"aligncenter size-thumbnail wp-image-427\" \/><p style=\"text-align:center;\">Sweden<\/p><\/div><\/td><td class=\"column-2\">Price: $3,50\/lb<br \/>\nMinimum: 8 lb<br \/>\nService fee: $36<br \/>\nDelivery: 1-2 weeks<\/td><td class=\"column-3\"><\/td><td class=\"column-4\">Price: $2,58\/lb<br \/>\nMinimum: 20 lb<br \/>\nService fee: $36<br \/>\nDelivery: 5-8 weeks<\/td>\n<\/tr>\n<tr class=\"row-27\">\n\t<td class=\"column-1\"><div><img loading=\"lazy\" decoding=\"async\" src=\"https:\/\/www.dompak.us\/wp-content\/uploads\/2022\/03\/ukraina-150x102-1.png\" alt=\"\" width=\"75\" height=\"45\" class=\"aligncenter size-thumbnail wp-image-427\" \/><p style=\"text-align:center;\">Ukraine<\/p><\/div><\/td><td class=\"column-2\"><\/td><td class=\"column-3\"><\/td><td class=\"column-4\">Price: $0,95\/lb<br \/>\nMinimum: 15 lb<br \/>\nService fee: $20<br \/>\nDelivery: 5-8 weeks<\/td>\n<\/tr>\n<\/tbody>\n<tfoot>\n<tr class=\"row-28\">\n\t<th class=\"column-1\">Country<\/th><th class=\"column-2\">Premium<\/th><th class=\"column-3\">Regular Plus<\/th><th class=\"column-4\">Regular<\/th>\n<\/tr>\n<\/tfoot>\n<\/table>\n<span id=\"tablepress-1-description\" class=\"tablepress-table-description tablepress-table-description-id-1\"><\/span>\n<!-- #tablepress-1 from cache -->\n\n\n\t\t\t<div class=\"divider-horizont\"><\/div>\r\n\t\t\n\n\n\n<div style=\"height:40px\" aria-hidden=\"true\" class=\"wp-block-spacer\"><\/div>\n\n\n\n<p>For mentioned prices ISS (International Shipping Surcharge) apply.<br>ISS valid from Feb. 2022: $0,59 lbs.<\/p>\n\n\n\n<p>Parcel over 60&nbsp;pounds up to&nbsp;70&nbsp;pounds : extra $2.00&nbsp;per parcel<br>Parcel over 70&nbsp;pounds : extra $1.00&nbsp;per each pound over 70&nbsp;lbs<\/p>\n\n\n\n<p>Prices may vary and are subject to&nbsp;change without notice.<\/p>\n","protected":false},"excerpt":{"rendered":"<p>Szczeg\u00f3\u0142owy cennik przesy\u0142ek dost\u0119pny w biurach Dompak&nbsp;New York \/ New Jersey For mentioned prices ISS (International Shipping Surcharge) apply.ISS valid from Feb. 2022: $0,59 lbs. Parcel over 60&nbsp;pounds up to&nbsp;70&nbsp;pounds : extra $2.00&nbsp;per parcelParcel over 70&nbsp;pounds : extra $1.00&nbsp;per each pound over 70&nbsp;lbs Prices may vary and are subject to&nbsp;change without notice.<\/p>\n","protected":false},"author":3,"featured_media":0,"parent":0,"menu_order":0,"comment_status":"closed","ping_status":"closed","template":"","meta":{"_acf_changed":false,"inline_featured_image":false,"footnotes":""},"class_list":["post-1380","page","type-page","status-publish","hentry"],"acf":[],"yoast_head":"<!-- This site is optimized with the Yoast SEO plugin v26.2 - https:\/\/yoast.com\/wordpress\/plugins\/seo\/ -->\n<title>Kalkula\u010dka - Dompak inc. - Jeste\u015bmy lepsi !<\/title>\n<meta name=\"robots\" content=\"index, follow, max-snippet:-1, max-image-preview:large, max-video-preview:-1\" \/>\n<link rel=\"canonical\" href=\"https:\/\/www.dompak.us\/cs\/kalkulacka\/\" \/>\n<meta property=\"og:locale\" content=\"cs_CZ\" \/>\n<meta property=\"og:type\" content=\"article\" \/>\n<meta property=\"og:title\" content=\"Kalkula\u010dka - Dompak inc. - Jeste\u015bmy lepsi !\" \/>\n<meta property=\"og:description\" content=\"Szczeg\u00f3\u0142owy cennik przesy\u0142ek dost\u0119pny w biurach Dompak&nbsp;New York \/ New Jersey For mentioned prices ISS (International Shipping Surcharge) apply.ISS valid from Feb. 2022: $0,59 lbs. Parcel over 60&nbsp;pounds up to&nbsp;70&nbsp;pounds : extra $2.00&nbsp;per parcelParcel over 70&nbsp;pounds : extra $1.00&nbsp;per each pound over 70&nbsp;lbs Prices may vary and are subject to&nbsp;change without notice.\" \/>\n<meta property=\"og:url\" content=\"https:\/\/www.dompak.us\/cs\/kalkulacka\/\" \/>\n<meta property=\"og:site_name\" content=\"Dompak inc. - Jeste\u015bmy lepsi !\" \/>\n<meta property=\"article:modified_time\" content=\"2022-03-28T14:29:19+00:00\" \/>\n<meta name=\"twitter:card\" content=\"summary_large_image\" \/>\n<script type=\"application\/ld+json\" class=\"yoast-schema-graph\">{\"@context\":\"https:\/\/schema.org\",\"@graph\":[{\"@type\":\"WebPage\",\"@id\":\"https:\/\/www.dompak.us\/cs\/kalkulacka\/\",\"url\":\"https:\/\/www.dompak.us\/cs\/kalkulacka\/\",\"name\":\"Kalkula\u010dka - Dompak inc. - Jeste\u015bmy lepsi !\",\"isPartOf\":{\"@id\":\"https:\/\/www.dompak.us\/#website\"},\"datePublished\":\"2022-03-28T14:29:17+00:00\",\"dateModified\":\"2022-03-28T14:29:19+00:00\",\"breadcrumb\":{\"@id\":\"https:\/\/www.dompak.us\/cs\/kalkulacka\/#breadcrumb\"},\"inLanguage\":\"cs\",\"potentialAction\":[{\"@type\":\"ReadAction\",\"target\":[\"https:\/\/www.dompak.us\/cs\/kalkulacka\/\"]}]},{\"@type\":\"BreadcrumbList\",\"@id\":\"https:\/\/www.dompak.us\/cs\/kalkulacka\/#breadcrumb\",\"itemListElement\":[{\"@type\":\"ListItem\",\"position\":1,\"name\":\"Home\",\"item\":\"https:\/\/www.dompak.us\/cs\/home\/\"},{\"@type\":\"ListItem\",\"position\":2,\"name\":\"Kalkula\u010dka\"}]},{\"@type\":\"WebSite\",\"@id\":\"https:\/\/www.dompak.us\/#website\",\"url\":\"https:\/\/www.dompak.us\/\",\"name\":\"Dompak inc. - Jeste\u015bmy lepsi !\",\"description\":\"\",\"publisher\":{\"@id\":\"https:\/\/www.dompak.us\/#organization\"},\"potentialAction\":[{\"@type\":\"SearchAction\",\"target\":{\"@type\":\"EntryPoint\",\"urlTemplate\":\"https:\/\/www.dompak.us\/?s={search_term_string}\"},\"query-input\":{\"@type\":\"PropertyValueSpecification\",\"valueRequired\":true,\"valueName\":\"search_term_string\"}}],\"inLanguage\":\"cs\"},{\"@type\":\"Organization\",\"@id\":\"https:\/\/www.dompak.us\/#organization\",\"name\":\"Dompak inc. - Jeste\u015bmy lepsi !\",\"url\":\"https:\/\/www.dompak.us\/\",\"logo\":{\"@type\":\"ImageObject\",\"inLanguage\":\"cs\",\"@id\":\"https:\/\/www.dompak.us\/#\/schema\/logo\/image\/\",\"url\":\"https:\/\/www.dompak.us\/wp-content\/uploads\/2022\/02\/cropped-logo.png\",\"contentUrl\":\"https:\/\/www.dompak.us\/wp-content\/uploads\/2022\/02\/cropped-logo.png\",\"width\":150,\"height\":42,\"caption\":\"Dompak inc. - Jeste\u015bmy lepsi !\"},\"image\":{\"@id\":\"https:\/\/www.dompak.us\/#\/schema\/logo\/image\/\"}}]}<\/script>\n<!-- \/ Yoast SEO plugin. -->","yoast_head_json":{"title":"Kalkula\u010dka - Dompak inc. - Jeste\u015bmy lepsi !","robots":{"index":"index","follow":"follow","max-snippet":"max-snippet:-1","max-image-preview":"max-image-preview:large","max-video-preview":"max-video-preview:-1"},"canonical":"https:\/\/www.dompak.us\/cs\/kalkulacka\/","og_locale":"cs_CZ","og_type":"article","og_title":"Kalkula\u010dka - Dompak inc. - Jeste\u015bmy lepsi !","og_description":"Szczeg\u00f3\u0142owy cennik przesy\u0142ek dost\u0119pny w biurach Dompak&nbsp;New York \/ New Jersey For mentioned prices ISS (International Shipping Surcharge) apply.ISS valid from Feb. 2022: $0,59 lbs. Parcel over 60&nbsp;pounds up to&nbsp;70&nbsp;pounds : extra $2.00&nbsp;per parcelParcel over 70&nbsp;pounds : extra $1.00&nbsp;per each pound over 70&nbsp;lbs Prices may vary and are subject to&nbsp;change without notice.","og_url":"https:\/\/www.dompak.us\/cs\/kalkulacka\/","og_site_name":"Dompak inc. - Jeste\u015bmy lepsi !","article_modified_time":"2022-03-28T14:29:19+00:00","twitter_card":"summary_large_image","schema":{"@context":"https:\/\/schema.org","@graph":[{"@type":"WebPage","@id":"https:\/\/www.dompak.us\/cs\/kalkulacka\/","url":"https:\/\/www.dompak.us\/cs\/kalkulacka\/","name":"Kalkula\u010dka - Dompak inc. - Jeste\u015bmy lepsi !","isPartOf":{"@id":"https:\/\/www.dompak.us\/#website"},"datePublished":"2022-03-28T14:29:17+00:00","dateModified":"2022-03-28T14:29:19+00:00","breadcrumb":{"@id":"https:\/\/www.dompak.us\/cs\/kalkulacka\/#breadcrumb"},"inLanguage":"cs","potentialAction":[{"@type":"ReadAction","target":["https:\/\/www.dompak.us\/cs\/kalkulacka\/"]}]},{"@type":"BreadcrumbList","@id":"https:\/\/www.dompak.us\/cs\/kalkulacka\/#breadcrumb","itemListElement":[{"@type":"ListItem","position":1,"name":"Home","item":"https:\/\/www.dompak.us\/cs\/home\/"},{"@type":"ListItem","position":2,"name":"Kalkula\u010dka"}]},{"@type":"WebSite","@id":"https:\/\/www.dompak.us\/#website","url":"https:\/\/www.dompak.us\/","name":"Dompak inc. - Jeste\u015bmy lepsi !","description":"","publisher":{"@id":"https:\/\/www.dompak.us\/#organization"},"potentialAction":[{"@type":"SearchAction","target":{"@type":"EntryPoint","urlTemplate":"https:\/\/www.dompak.us\/?s={search_term_string}"},"query-input":{"@type":"PropertyValueSpecification","valueRequired":true,"valueName":"search_term_string"}}],"inLanguage":"cs"},{"@type":"Organization","@id":"https:\/\/www.dompak.us\/#organization","name":"Dompak inc. - Jeste\u015bmy lepsi !","url":"https:\/\/www.dompak.us\/","logo":{"@type":"ImageObject","inLanguage":"cs","@id":"https:\/\/www.dompak.us\/#\/schema\/logo\/image\/","url":"https:\/\/www.dompak.us\/wp-content\/uploads\/2022\/02\/cropped-logo.png","contentUrl":"https:\/\/www.dompak.us\/wp-content\/uploads\/2022\/02\/cropped-logo.png","width":150,"height":42,"caption":"Dompak inc. - Jeste\u015bmy lepsi !"},"image":{"@id":"https:\/\/www.dompak.us\/#\/schema\/logo\/image\/"}}]}},"jetpack_sharing_enabled":true,"_links":{"self":[{"href":"https:\/\/www.dompak.us\/cs\/wp-json\/wp\/v2\/pages\/1380","targetHints":{"allow":["GET"]}}],"collection":[{"href":"https:\/\/www.dompak.us\/cs\/wp-json\/wp\/v2\/pages"}],"about":[{"href":"https:\/\/www.dompak.us\/cs\/wp-json\/wp\/v2\/types\/page"}],"author":[{"embeddable":true,"href":"https:\/\/www.dompak.us\/cs\/wp-json\/wp\/v2\/users\/3"}],"replies":[{"embeddable":true,"href":"https:\/\/www.dompak.us\/cs\/wp-json\/wp\/v2\/comments?post=1380"}],"version-history":[{"count":1,"href":"https:\/\/www.dompak.us\/cs\/wp-json\/wp\/v2\/pages\/1380\/revisions"}],"predecessor-version":[{"id":1381,"href":"https:\/\/www.dompak.us\/cs\/wp-json\/wp\/v2\/pages\/1380\/revisions\/1381"}],"wp:attachment":[{"href":"https:\/\/www.dompak.us\/cs\/wp-json\/wp\/v2\/media?parent=1380"}],"curies":[{"name":"wp","href":"https:\/\/api.w.org\/{rel}","templated":true}]}}