{"id":1226,"date":"2022-03-28T09:01:43","date_gmt":"2022-03-28T09:01:43","guid":{"rendered":"https:\/\/www.dompak.us\/?page_id=1226"},"modified":"2022-03-28T14:49:56","modified_gmt":"2022-03-28T14:49:56","slug":"o-nas","status":"publish","type":"page","link":"https:\/\/www.dompak.us\/sk\/o-nas\/","title":{"rendered":"O n\u00e1s"},"content":{"rendered":"\n<h2 class=\"wp-block-heading\" id=\"wszystko-o-dompak-corporation\">V\u0160ETKO O DOMPAK CORPORATION<\/h2>\n\n\n\n<div class=\"wp-block-columns are-vertically-aligned-center is-layout-flex wp-container-core-columns-is-layout-9d6595d7 wp-block-columns-is-layout-flex\">\n<div class=\"wp-block-column is-vertically-aligned-center is-layout-flow wp-block-column-is-layout-flow\">\n<figure class=\"wp-block-image size-full\"><img loading=\"lazy\" decoding=\"async\" width=\"600\" height=\"400\" src=\"https:\/\/www.dompak.us\/wp-content\/uploads\/2022\/03\/adobestock_184525892-600x400-1.jpeg\" alt=\"\" class=\"wp-image-732\" srcset=\"https:\/\/www.dompak.us\/wp-content\/uploads\/2022\/03\/adobestock_184525892-600x400-1.jpeg 600w, https:\/\/www.dompak.us\/wp-content\/uploads\/2022\/03\/adobestock_184525892-600x400-1-300x200.jpeg 300w\" sizes=\"auto, (max-width: 600px) 100vw, 600px\" \/><\/figure>\n<\/div>\n\n\n\n<div class=\"wp-block-column is-vertically-aligned-center is-layout-flow wp-block-column-is-layout-flow\">\n<p><strong>Dompak Corporation<\/strong>&nbsp;je firma, ktor\u00e1 sa zaober\u00e1 posielan\u00edm bal\u00edkov, vozidiel, majetku pres\u00eddlenia, obchodn\u00fdch tovarov do Po\u013eska a do v\u00e4\u010d\u0161iny kraj\u00edn Eur\u00f3pskej \u00fanie. Dompak Corporation spolupracuje s Doma Services Antoni Wn\u0119kowicz, ktor\u00e1 p\u00f4sob\u00ed na trhu z\u00e1sielok u\u017e viac ako 20 rokov. Je to z\u00e1rukou na\u0161ich sk\u00fasenosti a kvality poskytovan\u00fdch slu\u017eieb. Firma sa \u0161pecializuje na distrib\u00faciu z\u00e1sielok &#8211; bal\u00edkov a poskytovanie \u0161pedi\u010dn\u00fdch slu\u017eieb v r\u00e1mci medzin\u00e1rodnej v\u00fdmeny tovarov. Doma Services Antoni Wn\u0119kowicz je n\u00e1\u0161 eur\u00f3psky distrib\u00fator, ktor\u00fd dod\u00e1va z\u00e1sielky na \u00fazem\u00ed Po\u013eska a Eur\u00f3pskej \u00fanie.<\/p>\n\n\n\n<p>Dlhoro\u010dn\u00e9 sk\u00fasenosti n\u00e1m umo\u017e\u0148uj\u00fa poskytova\u0165 komplexn\u00e9 dopravn\u00e9, \u0161pedi\u010dn\u00e9 a logistick\u00e9 slu\u017eby pri v\u00fdvoze a dovoze. Zabezpe\u010dujeme aj skladovanie odosielan\u00fdch tovarov, coln\u00e9 odbavenie pri v\u00fdvoze a dovoze, a taktie\u017e poistenie n\u00e1kladu.<\/p>\n\n\n\n<p>U\u017e viac ako 20 rokov doru\u010dujeme bal\u00edky n\u00e1mornou a leteckou cestou na\u0161im z\u00e1kazn\u00edkom v Po\u013esku, na Litve, v \u010ceskej republike, na Slovensku a na Ukrajine. Postupne roz\u0161irujeme na\u0161u ponuku a posielame z\u00e1sielky z USA aj do Rak\u00faska, Belgicka, Bulharska, D\u00e1nska, F\u00ednska, Franc\u00fazska, \u0160panielska, Holandska, \u00cdrska, Luxemburska, Nemecka, Portugalska, Rumunska, Slovinska, \u0160v\u00e9dska, Ma\u010farska, Ve\u013ekej Brit\u00e1nie, Talianska. Posielame a doru\u010dujeme individu\u00e1lne bal\u00edky, ktor\u00e9 s\u00fa dar\u010dekmi pre bl\u00edzkych, ako aj obchodn\u00e9 z\u00e1sielky. Zais\u0165ujeme najlep\u0161iu distrib\u00faciu, sledovanie z\u00e1sielok na webov\u00fdch str\u00e1nkach a individu\u00e1lnu inform\u00e1ciu pre ka\u017ed\u00e9ho z na\u0161ich klientov.<\/p>\n\n\n\n<p>Spolupracujeme s najv\u00e4\u010d\u0161\u00edmi dopravcami a v\u010faka tomu sme schopn\u00ed vykona\u0165 ka\u017ed\u00fa kontajnerov\u00fa objedn\u00e1vku, a to ako &#8222;port to port&#8220;, tak aj &#8222;door to door&#8220;, a pritom zaru\u010dujeme slu\u017eby na svetovej \u00farovni. Pon\u00fakame kontajnery r\u00f4znych ve\u013ekost\u00ed v z\u00e1vislosti na potreb\u00e1ch z\u00e1kazn\u00edkov. Zabezpe\u010dujeme kontajnery na individu\u00e1lnu nakl\u00e1dku: ako na pozemku klienta, tak aj v na\u0161om sklade. Pon\u00fakame odborn\u00fa pomoc pri nakl\u00e1dkach kontajnerov, zabezpe\u010den\u00ed automobilov a in\u00fdch vozidiel v kontajneroch.<\/p>\n<\/div>\n<\/div>\n\n\n\n<div class=\"wp-block-columns are-vertically-aligned-center is-layout-flex wp-container-core-columns-is-layout-9d6595d7 wp-block-columns-is-layout-flex\">\n<div class=\"wp-block-column is-vertically-aligned-center is-layout-flow wp-block-column-is-layout-flow\">\n<p>Na\u0161a ponuka zah\u0155\u0148a nielen dopravu z\u00e1sielok. Poz\u00fdvame v\u00e1s do na\u0161ej kancel\u00e1rie, ktor\u00e1 sa nach\u00e1dza na adrese: 25 Locust Ave, Wallington, NJ, kde pon\u00fakame predaj leteniek a slu\u017ebu pe\u0148a\u017en\u00fdch poukazov prostredn\u00edctvom US Money Express. Peniaze posielan\u00e9 firmou Dompak je mo\u017en\u00e9 vyplati\u0165 v pobo\u010dk\u00e1ch banky PKO SA a v pobo\u010dk\u00e1ch Poczta Polska (Po\u013eskej po\u0161ty).<\/p>\n\n\n\n<p>Ke\u010f posielate finan\u010dn\u00e9 prostriedky cez Dompak, posielate nielen peniaze, ale aj rados\u0165 pre bl\u00edzkych, resp. \u013eahko pln\u00edte svoje podnikate\u013esk\u00e9 z\u00e1v\u00e4zky.<\/p>\n\n\n\n<p>V Dompak si m\u00f4\u017eete rezervova\u0165 letenky, dovolenky, v\u00fdlety, plavby, svadobn\u00e9 cesty. S nami najpohodlnej\u0161ie precestujete svet, za\u017eijete nezabudnute\u013en\u00fa dovolenku.<br>U\u017e dlh\u00e9 roky pon\u00fakame na\u0161im klientom najlep\u0161ie slu\u017eby. Sme zlat\u00fdm touroper\u00e1torom v Apple Vacation a v PLL LOT.<\/p>\n\n\n\n<p>Pre v\u0161etk\u00fdch, ktor\u00ed nakupuj\u00fa na webov\u00fdch str\u00e1nkach v USA, vr\u00e1tane Ebay, Amazon, firemn\u00fdch obchodov a v\u0161etk\u00fdch \u010fal\u0161\u00edch aukci\u00ed, pon\u00fakame obsluhu n\u00e1kupov na internete, spo\u010d\u00edvaj\u00facu v odoslan\u00ed z\u00e1sielky z USA do Po\u013eska na uveden\u00fa adresu. Objednan\u00e9 n\u00e1kupy posielame do Po\u013eska leteckou alebo n\u00e1mornou cestou. Av\u0161ak na\u0161a ponuka zah\u0155\u0148a nielen Po\u013esko; odteraz posielame priamo aj do v\u00e4\u010d\u0161iny kraj\u00edn Eur\u00f3pskej \u00fanie.<\/p>\n<\/div>\n\n\n\n<div class=\"wp-block-column is-vertically-aligned-center is-layout-flow wp-block-column-is-layout-flow\">\n<figure class=\"wp-block-image size-full\"><img loading=\"lazy\" decoding=\"async\" width=\"600\" height=\"400\" src=\"https:\/\/www.dompak.us\/wp-content\/uploads\/2022\/03\/doma-bonded-wh-600x400-1.jpeg\" alt=\"\" class=\"wp-image-737\" srcset=\"https:\/\/www.dompak.us\/wp-content\/uploads\/2022\/03\/doma-bonded-wh-600x400-1.jpeg 600w, https:\/\/www.dompak.us\/wp-content\/uploads\/2022\/03\/doma-bonded-wh-600x400-1-300x200.jpeg 300w\" sizes=\"auto, (max-width: 600px) 100vw, 600px\" \/><\/figure>\n<\/div>\n<\/div>\n\n\n\n<div style=\"height:20px\" aria-hidden=\"true\" class=\"wp-block-spacer\"><\/div>\n\n\n\n<h3 class=\"has-text-align-center wp-block-heading\" id=\"zapraszamy-do-wspolpracy\"><strong><strong>Poz\u00fdvame v\u00e1s k spolupr\u00e1ci!<\/strong><\/strong><\/h3>\n\n\n\n<div style=\"height:20px\" aria-hidden=\"true\" class=\"wp-block-spacer\"><\/div>\n\n\n\n<h3 class=\"has-text-align-center wp-block-heading\" id=\"dompak-jestesmy-lepsi\"><strong><strong>Dompak, sme lep\u0161\u00ed!<\/strong><\/strong><\/h3>\n","protected":false},"excerpt":{"rendered":"<p>V\u0160ETKO O DOMPAK CORPORATION Dompak Corporation&nbsp;je firma, ktor\u00e1 sa zaober\u00e1 posielan\u00edm bal\u00edkov, vozidiel, majetku pres\u00eddlenia, obchodn\u00fdch tovarov do Po\u013eska a do v\u00e4\u010d\u0161iny kraj\u00edn Eur\u00f3pskej \u00fanie. Dompak Corporation spolupracuje s Doma Services Antoni Wn\u0119kowicz, ktor\u00e1 p\u00f4sob\u00ed na trhu z\u00e1sielok u\u017e viac ako 20 rokov. Je to z\u00e1rukou na\u0161ich sk\u00fasenosti a kvality poskytovan\u00fdch slu\u017eieb. Firma sa \u0161pecializuje [&hellip;]<\/p>\n","protected":false},"author":3,"featured_media":0,"parent":0,"menu_order":0,"comment_status":"closed","ping_status":"closed","template":"","meta":{"_acf_changed":false,"inline_featured_image":false,"footnotes":""},"class_list":["post-1226","page","type-page","status-publish","hentry"],"acf":[],"yoast_head":"<!-- This site is optimized with the Yoast SEO plugin v27.6 - https:\/\/yoast.com\/product\/yoast-seo-wordpress\/ -->\n<title>O n\u00e1s - Dompak inc. - Jeste\u015bmy lepsi !<\/title>\n<meta name=\"robots\" content=\"index, follow, max-snippet:-1, max-image-preview:large, max-video-preview:-1\" \/>\n<link rel=\"canonical\" href=\"https:\/\/www.dompak.us\/sk\/o-nas\/\" \/>\n<meta property=\"og:locale\" content=\"sk_SK\" \/>\n<meta property=\"og:type\" content=\"article\" \/>\n<meta property=\"og:title\" content=\"O n\u00e1s - Dompak inc. - Jeste\u015bmy lepsi !\" \/>\n<meta property=\"og:description\" content=\"V\u0160ETKO O DOMPAK CORPORATION Dompak Corporation&nbsp;je firma, ktor\u00e1 sa zaober\u00e1 posielan\u00edm bal\u00edkov, vozidiel, majetku pres\u00eddlenia, obchodn\u00fdch tovarov do Po\u013eska a do v\u00e4\u010d\u0161iny kraj\u00edn Eur\u00f3pskej \u00fanie. Dompak Corporation spolupracuje s Doma Services Antoni Wn\u0119kowicz, ktor\u00e1 p\u00f4sob\u00ed na trhu z\u00e1sielok u\u017e viac ako 20 rokov. Je to z\u00e1rukou na\u0161ich sk\u00fasenosti a kvality poskytovan\u00fdch slu\u017eieb. Firma sa \u0161pecializuje [&hellip;]\" \/>\n<meta property=\"og:url\" content=\"https:\/\/www.dompak.us\/sk\/o-nas\/\" \/>\n<meta property=\"og:site_name\" content=\"Dompak inc. - Jeste\u015bmy lepsi !\" \/>\n<meta property=\"article:modified_time\" content=\"2022-03-28T14:49:56+00:00\" \/>\n<meta property=\"og:image\" content=\"https:\/\/www.dompak.us\/wp-content\/uploads\/2022\/03\/adobestock_184525892-600x400-1.jpeg\" \/>\n<meta name=\"twitter:card\" content=\"summary_large_image\" \/>\n<meta name=\"twitter:label1\" content=\"Predpokladan\u00fd \u010das \u010d\u00edtania\" \/>\n\t<meta name=\"twitter:data1\" content=\"3 min\u00faty\" \/>\n<script type=\"application\/ld+json\" class=\"yoast-schema-graph\">{\"@context\":\"https:\\\/\\\/schema.org\",\"@graph\":[{\"@type\":\"WebPage\",\"@id\":\"https:\\\/\\\/www.dompak.us\\\/sk\\\/o-nas\\\/\",\"url\":\"https:\\\/\\\/www.dompak.us\\\/sk\\\/o-nas\\\/\",\"name\":\"O n\u00e1s - Dompak inc. - Jeste\u015bmy lepsi !\",\"isPartOf\":{\"@id\":\"https:\\\/\\\/www.dompak.us\\\/#website\"},\"primaryImageOfPage\":{\"@id\":\"https:\\\/\\\/www.dompak.us\\\/sk\\\/o-nas\\\/#primaryimage\"},\"image\":{\"@id\":\"https:\\\/\\\/www.dompak.us\\\/sk\\\/o-nas\\\/#primaryimage\"},\"thumbnailUrl\":\"https:\\\/\\\/www.dompak.us\\\/wp-content\\\/uploads\\\/2022\\\/03\\\/adobestock_184525892-600x400-1.jpeg\",\"datePublished\":\"2022-03-28T09:01:43+00:00\",\"dateModified\":\"2022-03-28T14:49:56+00:00\",\"breadcrumb\":{\"@id\":\"https:\\\/\\\/www.dompak.us\\\/sk\\\/o-nas\\\/#breadcrumb\"},\"inLanguage\":\"sk-SK\",\"potentialAction\":[{\"@type\":\"ReadAction\",\"target\":[\"https:\\\/\\\/www.dompak.us\\\/sk\\\/o-nas\\\/\"]}]},{\"@type\":\"ImageObject\",\"inLanguage\":\"sk-SK\",\"@id\":\"https:\\\/\\\/www.dompak.us\\\/sk\\\/o-nas\\\/#primaryimage\",\"url\":\"https:\\\/\\\/www.dompak.us\\\/wp-content\\\/uploads\\\/2022\\\/03\\\/adobestock_184525892-600x400-1.jpeg\",\"contentUrl\":\"https:\\\/\\\/www.dompak.us\\\/wp-content\\\/uploads\\\/2022\\\/03\\\/adobestock_184525892-600x400-1.jpeg\"},{\"@type\":\"BreadcrumbList\",\"@id\":\"https:\\\/\\\/www.dompak.us\\\/sk\\\/o-nas\\\/#breadcrumb\",\"itemListElement\":[{\"@type\":\"ListItem\",\"position\":1,\"name\":\"Home\",\"item\":\"https:\\\/\\\/www.dompak.us\\\/sk\\\/home\\\/\"},{\"@type\":\"ListItem\",\"position\":2,\"name\":\"O n\u00e1s\"}]},{\"@type\":\"WebSite\",\"@id\":\"https:\\\/\\\/www.dompak.us\\\/#website\",\"url\":\"https:\\\/\\\/www.dompak.us\\\/\",\"name\":\"Dompak inc. - Jeste\u015bmy lepsi !\",\"description\":\"\",\"publisher\":{\"@id\":\"https:\\\/\\\/www.dompak.us\\\/#organization\"},\"potentialAction\":[{\"@type\":\"SearchAction\",\"target\":{\"@type\":\"EntryPoint\",\"urlTemplate\":\"https:\\\/\\\/www.dompak.us\\\/?s={search_term_string}\"},\"query-input\":{\"@type\":\"PropertyValueSpecification\",\"valueRequired\":true,\"valueName\":\"search_term_string\"}}],\"inLanguage\":\"sk-SK\"},{\"@type\":\"Organization\",\"@id\":\"https:\\\/\\\/www.dompak.us\\\/#organization\",\"name\":\"Dompak inc. - Jeste\u015bmy lepsi !\",\"url\":\"https:\\\/\\\/www.dompak.us\\\/\",\"logo\":{\"@type\":\"ImageObject\",\"inLanguage\":\"sk-SK\",\"@id\":\"https:\\\/\\\/www.dompak.us\\\/#\\\/schema\\\/logo\\\/image\\\/\",\"url\":\"https:\\\/\\\/www.dompak.us\\\/wp-content\\\/uploads\\\/2022\\\/02\\\/cropped-logo.png\",\"contentUrl\":\"https:\\\/\\\/www.dompak.us\\\/wp-content\\\/uploads\\\/2022\\\/02\\\/cropped-logo.png\",\"width\":150,\"height\":42,\"caption\":\"Dompak inc. - Jeste\u015bmy lepsi !\"},\"image\":{\"@id\":\"https:\\\/\\\/www.dompak.us\\\/#\\\/schema\\\/logo\\\/image\\\/\"}}]}<\/script>\n<!-- \/ Yoast SEO plugin. -->","yoast_head_json":{"title":"O n\u00e1s - Dompak inc. - Jeste\u015bmy lepsi !","robots":{"index":"index","follow":"follow","max-snippet":"max-snippet:-1","max-image-preview":"max-image-preview:large","max-video-preview":"max-video-preview:-1"},"canonical":"https:\/\/www.dompak.us\/sk\/o-nas\/","og_locale":"sk_SK","og_type":"article","og_title":"O n\u00e1s - Dompak inc. - Jeste\u015bmy lepsi !","og_description":"V\u0160ETKO O DOMPAK CORPORATION Dompak Corporation&nbsp;je firma, ktor\u00e1 sa zaober\u00e1 posielan\u00edm bal\u00edkov, vozidiel, majetku pres\u00eddlenia, obchodn\u00fdch tovarov do Po\u013eska a do v\u00e4\u010d\u0161iny kraj\u00edn Eur\u00f3pskej \u00fanie. Dompak Corporation spolupracuje s Doma Services Antoni Wn\u0119kowicz, ktor\u00e1 p\u00f4sob\u00ed na trhu z\u00e1sielok u\u017e viac ako 20 rokov. Je to z\u00e1rukou na\u0161ich sk\u00fasenosti a kvality poskytovan\u00fdch slu\u017eieb. Firma sa \u0161pecializuje [&hellip;]","og_url":"https:\/\/www.dompak.us\/sk\/o-nas\/","og_site_name":"Dompak inc. - Jeste\u015bmy lepsi !","article_modified_time":"2022-03-28T14:49:56+00:00","og_image":[{"url":"https:\/\/www.dompak.us\/wp-content\/uploads\/2022\/03\/adobestock_184525892-600x400-1.jpeg","type":"","width":"","height":""}],"twitter_card":"summary_large_image","twitter_misc":{"Predpokladan\u00fd \u010das \u010d\u00edtania":"3 min\u00faty"},"schema":{"@context":"https:\/\/schema.org","@graph":[{"@type":"WebPage","@id":"https:\/\/www.dompak.us\/sk\/o-nas\/","url":"https:\/\/www.dompak.us\/sk\/o-nas\/","name":"O n\u00e1s - Dompak inc. - Jeste\u015bmy lepsi !","isPartOf":{"@id":"https:\/\/www.dompak.us\/#website"},"primaryImageOfPage":{"@id":"https:\/\/www.dompak.us\/sk\/o-nas\/#primaryimage"},"image":{"@id":"https:\/\/www.dompak.us\/sk\/o-nas\/#primaryimage"},"thumbnailUrl":"https:\/\/www.dompak.us\/wp-content\/uploads\/2022\/03\/adobestock_184525892-600x400-1.jpeg","datePublished":"2022-03-28T09:01:43+00:00","dateModified":"2022-03-28T14:49:56+00:00","breadcrumb":{"@id":"https:\/\/www.dompak.us\/sk\/o-nas\/#breadcrumb"},"inLanguage":"sk-SK","potentialAction":[{"@type":"ReadAction","target":["https:\/\/www.dompak.us\/sk\/o-nas\/"]}]},{"@type":"ImageObject","inLanguage":"sk-SK","@id":"https:\/\/www.dompak.us\/sk\/o-nas\/#primaryimage","url":"https:\/\/www.dompak.us\/wp-content\/uploads\/2022\/03\/adobestock_184525892-600x400-1.jpeg","contentUrl":"https:\/\/www.dompak.us\/wp-content\/uploads\/2022\/03\/adobestock_184525892-600x400-1.jpeg"},{"@type":"BreadcrumbList","@id":"https:\/\/www.dompak.us\/sk\/o-nas\/#breadcrumb","itemListElement":[{"@type":"ListItem","position":1,"name":"Home","item":"https:\/\/www.dompak.us\/sk\/home\/"},{"@type":"ListItem","position":2,"name":"O n\u00e1s"}]},{"@type":"WebSite","@id":"https:\/\/www.dompak.us\/#website","url":"https:\/\/www.dompak.us\/","name":"Dompak inc. - Jeste\u015bmy lepsi !","description":"","publisher":{"@id":"https:\/\/www.dompak.us\/#organization"},"potentialAction":[{"@type":"SearchAction","target":{"@type":"EntryPoint","urlTemplate":"https:\/\/www.dompak.us\/?s={search_term_string}"},"query-input":{"@type":"PropertyValueSpecification","valueRequired":true,"valueName":"search_term_string"}}],"inLanguage":"sk-SK"},{"@type":"Organization","@id":"https:\/\/www.dompak.us\/#organization","name":"Dompak inc. - Jeste\u015bmy lepsi !","url":"https:\/\/www.dompak.us\/","logo":{"@type":"ImageObject","inLanguage":"sk-SK","@id":"https:\/\/www.dompak.us\/#\/schema\/logo\/image\/","url":"https:\/\/www.dompak.us\/wp-content\/uploads\/2022\/02\/cropped-logo.png","contentUrl":"https:\/\/www.dompak.us\/wp-content\/uploads\/2022\/02\/cropped-logo.png","width":150,"height":42,"caption":"Dompak inc. - Jeste\u015bmy lepsi !"},"image":{"@id":"https:\/\/www.dompak.us\/#\/schema\/logo\/image\/"}}]}},"jetpack_sharing_enabled":true,"_links":{"self":[{"href":"https:\/\/www.dompak.us\/sk\/wp-json\/wp\/v2\/pages\/1226","targetHints":{"allow":["GET"]}}],"collection":[{"href":"https:\/\/www.dompak.us\/sk\/wp-json\/wp\/v2\/pages"}],"about":[{"href":"https:\/\/www.dompak.us\/sk\/wp-json\/wp\/v2\/types\/page"}],"author":[{"embeddable":true,"href":"https:\/\/www.dompak.us\/sk\/wp-json\/wp\/v2\/users\/3"}],"replies":[{"embeddable":true,"href":"https:\/\/www.dompak.us\/sk\/wp-json\/wp\/v2\/comments?post=1226"}],"version-history":[{"count":3,"href":"https:\/\/www.dompak.us\/sk\/wp-json\/wp\/v2\/pages\/1226\/revisions"}],"predecessor-version":[{"id":1452,"href":"https:\/\/www.dompak.us\/sk\/wp-json\/wp\/v2\/pages\/1226\/revisions\/1452"}],"wp:attachment":[{"href":"https:\/\/www.dompak.us\/sk\/wp-json\/wp\/v2\/media?parent=1226"}],"curies":[{"name":"wp","href":"https:\/\/api.w.org\/{rel}","templated":true}]}}