{"id":1268,"date":"2022-03-28T11:37:45","date_gmt":"2022-03-28T11:37:45","guid":{"rendered":"https:\/\/www.dompak.us\/?page_id=1268"},"modified":"2023-07-05T10:41:56","modified_gmt":"2023-07-05T10:41:56","slug":"miesta","status":"publish","type":"page","link":"https:\/\/www.dompak.us\/sk\/miesta\/","title":{"rendered":"Miesta"},"content":{"rendered":"\n<p><\/p>\n\n\n\n<p>Na\u0161a ponuka zah\u0155\u0148a nielen z\u00e1sielky na <strong>Slovensko<\/strong>. Z\u00e1sielky doru\u010dujeme na <strong>Ukrajinu<\/strong> a do v\u00e4\u010d\u0161iny kraj\u00edn Eur\u00f3pskej \u00fanie, ako s\u00fa: <strong>Rak\u00fasko, Belgicko, Bulharsko, \u010cesk\u00e1 republika, D\u00e1nsko, Est\u00f3nsko, F\u00ednsko, Franc\u00fazsko, \u0160panielsko, Holandsko, \u00cdrsko, Luxembursko, Litva, Loty\u0161sko, Nemecko, Portugalsko, Po\u013esko, Rumunsko, Slovinsko, \u0160v\u00e9dsko a Ma\u010farsko.<\/strong> Na\u0161a slu\u017eba je predov\u0161etk\u00fdm z\u00e1rukou najvy\u0161\u0161ej kvality slu\u017eieb, ktor\u00e9 poskytujeme len v spolupr\u00e1ci s osved\u010den\u00fdmi a sk\u00fasen\u00fdmi partnermi.<\/p>\n\n\n\n<div style=\"height:40px\" aria-hidden=\"true\" class=\"wp-block-spacer\"><\/div>\n\n\n\n<h3 class=\"wp-block-heading\" id=\"autoryzowane-oddzialy-oraz-partnerzy-dompak-corporation-w-usa\">Autorizovan\u00e9 pobo\u010dky a partneri Dompak Corporation v USA<\/h3>\n\n\n\n<div style=\"height:40px\" aria-hidden=\"true\" class=\"wp-block-spacer\"><\/div>\n","protected":false},"excerpt":{"rendered":"<p>Na\u0161a ponuka zah\u0155\u0148a nielen z\u00e1sielky na Slovensko. Z\u00e1sielky doru\u010dujeme na Ukrajinu a do v\u00e4\u010d\u0161iny kraj\u00edn Eur\u00f3pskej \u00fanie, ako s\u00fa: Rak\u00fasko, Belgicko, Bulharsko, \u010cesk\u00e1 republika, D\u00e1nsko, Est\u00f3nsko, F\u00ednsko, Franc\u00fazsko, \u0160panielsko, Holandsko, \u00cdrsko, Luxembursko, Litva, Loty\u0161sko, Nemecko, Portugalsko, Po\u013esko, Rumunsko, Slovinsko, \u0160v\u00e9dsko a Ma\u010farsko. Na\u0161a slu\u017eba je predov\u0161etk\u00fdm z\u00e1rukou najvy\u0161\u0161ej kvality slu\u017eieb, ktor\u00e9 poskytujeme len v spolupr\u00e1ci [&hellip;]<\/p>\n","protected":false},"author":3,"featured_media":0,"parent":0,"menu_order":0,"comment_status":"closed","ping_status":"closed","template":"templates\/page-location.php","meta":{"_acf_changed":false,"inline_featured_image":false,"footnotes":""},"class_list":["post-1268","page","type-page","status-publish","hentry"],"acf":[],"yoast_head":"<!-- This site is optimized with the Yoast SEO plugin v26.2 - https:\/\/yoast.com\/wordpress\/plugins\/seo\/ -->\n<title>Miesta - Dompak inc. - Jeste\u015bmy lepsi !<\/title>\n<meta name=\"robots\" content=\"index, follow, max-snippet:-1, max-image-preview:large, max-video-preview:-1\" \/>\n<link rel=\"canonical\" href=\"https:\/\/www.dompak.us\/sk\/miesta\/\" \/>\n<meta property=\"og:locale\" content=\"sk_SK\" \/>\n<meta property=\"og:type\" content=\"article\" \/>\n<meta property=\"og:title\" content=\"Miesta - Dompak inc. - Jeste\u015bmy lepsi !\" \/>\n<meta property=\"og:description\" content=\"Na\u0161a ponuka zah\u0155\u0148a nielen z\u00e1sielky na Slovensko. Z\u00e1sielky doru\u010dujeme na Ukrajinu a do v\u00e4\u010d\u0161iny kraj\u00edn Eur\u00f3pskej \u00fanie, ako s\u00fa: Rak\u00fasko, Belgicko, Bulharsko, \u010cesk\u00e1 republika, D\u00e1nsko, Est\u00f3nsko, F\u00ednsko, Franc\u00fazsko, \u0160panielsko, Holandsko, \u00cdrsko, Luxembursko, Litva, Loty\u0161sko, Nemecko, Portugalsko, Po\u013esko, Rumunsko, Slovinsko, \u0160v\u00e9dsko a Ma\u010farsko. Na\u0161a slu\u017eba je predov\u0161etk\u00fdm z\u00e1rukou najvy\u0161\u0161ej kvality slu\u017eieb, ktor\u00e9 poskytujeme len v spolupr\u00e1ci [&hellip;]\" \/>\n<meta property=\"og:url\" content=\"https:\/\/www.dompak.us\/sk\/miesta\/\" \/>\n<meta property=\"og:site_name\" content=\"Dompak inc. - Jeste\u015bmy lepsi !\" \/>\n<meta property=\"article:modified_time\" content=\"2023-07-05T10:41:56+00:00\" \/>\n<meta name=\"twitter:card\" content=\"summary_large_image\" \/>\n<script type=\"application\/ld+json\" class=\"yoast-schema-graph\">{\"@context\":\"https:\/\/schema.org\",\"@graph\":[{\"@type\":\"WebPage\",\"@id\":\"https:\/\/www.dompak.us\/sk\/miesta\/\",\"url\":\"https:\/\/www.dompak.us\/sk\/miesta\/\",\"name\":\"Miesta - Dompak inc. - Jeste\u015bmy lepsi !\",\"isPartOf\":{\"@id\":\"https:\/\/www.dompak.us\/#website\"},\"datePublished\":\"2022-03-28T11:37:45+00:00\",\"dateModified\":\"2023-07-05T10:41:56+00:00\",\"breadcrumb\":{\"@id\":\"https:\/\/www.dompak.us\/sk\/miesta\/#breadcrumb\"},\"inLanguage\":\"sk-SK\",\"potentialAction\":[{\"@type\":\"ReadAction\",\"target\":[\"https:\/\/www.dompak.us\/sk\/miesta\/\"]}]},{\"@type\":\"BreadcrumbList\",\"@id\":\"https:\/\/www.dompak.us\/sk\/miesta\/#breadcrumb\",\"itemListElement\":[{\"@type\":\"ListItem\",\"position\":1,\"name\":\"Home\",\"item\":\"https:\/\/www.dompak.us\/sk\/home\/\"},{\"@type\":\"ListItem\",\"position\":2,\"name\":\"Miesta\"}]},{\"@type\":\"WebSite\",\"@id\":\"https:\/\/www.dompak.us\/#website\",\"url\":\"https:\/\/www.dompak.us\/\",\"name\":\"Dompak inc. - Jeste\u015bmy lepsi !\",\"description\":\"\",\"publisher\":{\"@id\":\"https:\/\/www.dompak.us\/#organization\"},\"potentialAction\":[{\"@type\":\"SearchAction\",\"target\":{\"@type\":\"EntryPoint\",\"urlTemplate\":\"https:\/\/www.dompak.us\/?s={search_term_string}\"},\"query-input\":{\"@type\":\"PropertyValueSpecification\",\"valueRequired\":true,\"valueName\":\"search_term_string\"}}],\"inLanguage\":\"sk-SK\"},{\"@type\":\"Organization\",\"@id\":\"https:\/\/www.dompak.us\/#organization\",\"name\":\"Dompak inc. - Jeste\u015bmy lepsi !\",\"url\":\"https:\/\/www.dompak.us\/\",\"logo\":{\"@type\":\"ImageObject\",\"inLanguage\":\"sk-SK\",\"@id\":\"https:\/\/www.dompak.us\/#\/schema\/logo\/image\/\",\"url\":\"https:\/\/www.dompak.us\/wp-content\/uploads\/2022\/02\/cropped-logo.png\",\"contentUrl\":\"https:\/\/www.dompak.us\/wp-content\/uploads\/2022\/02\/cropped-logo.png\",\"width\":150,\"height\":42,\"caption\":\"Dompak inc. - Jeste\u015bmy lepsi !\"},\"image\":{\"@id\":\"https:\/\/www.dompak.us\/#\/schema\/logo\/image\/\"}}]}<\/script>\n<!-- \/ Yoast SEO plugin. -->","yoast_head_json":{"title":"Miesta - Dompak inc. - Jeste\u015bmy lepsi !","robots":{"index":"index","follow":"follow","max-snippet":"max-snippet:-1","max-image-preview":"max-image-preview:large","max-video-preview":"max-video-preview:-1"},"canonical":"https:\/\/www.dompak.us\/sk\/miesta\/","og_locale":"sk_SK","og_type":"article","og_title":"Miesta - Dompak inc. - Jeste\u015bmy lepsi !","og_description":"Na\u0161a ponuka zah\u0155\u0148a nielen z\u00e1sielky na Slovensko. Z\u00e1sielky doru\u010dujeme na Ukrajinu a do v\u00e4\u010d\u0161iny kraj\u00edn Eur\u00f3pskej \u00fanie, ako s\u00fa: Rak\u00fasko, Belgicko, Bulharsko, \u010cesk\u00e1 republika, D\u00e1nsko, Est\u00f3nsko, F\u00ednsko, Franc\u00fazsko, \u0160panielsko, Holandsko, \u00cdrsko, Luxembursko, Litva, Loty\u0161sko, Nemecko, Portugalsko, Po\u013esko, Rumunsko, Slovinsko, \u0160v\u00e9dsko a Ma\u010farsko. Na\u0161a slu\u017eba je predov\u0161etk\u00fdm z\u00e1rukou najvy\u0161\u0161ej kvality slu\u017eieb, ktor\u00e9 poskytujeme len v spolupr\u00e1ci [&hellip;]","og_url":"https:\/\/www.dompak.us\/sk\/miesta\/","og_site_name":"Dompak inc. - Jeste\u015bmy lepsi !","article_modified_time":"2023-07-05T10:41:56+00:00","twitter_card":"summary_large_image","schema":{"@context":"https:\/\/schema.org","@graph":[{"@type":"WebPage","@id":"https:\/\/www.dompak.us\/sk\/miesta\/","url":"https:\/\/www.dompak.us\/sk\/miesta\/","name":"Miesta - Dompak inc. - Jeste\u015bmy lepsi !","isPartOf":{"@id":"https:\/\/www.dompak.us\/#website"},"datePublished":"2022-03-28T11:37:45+00:00","dateModified":"2023-07-05T10:41:56+00:00","breadcrumb":{"@id":"https:\/\/www.dompak.us\/sk\/miesta\/#breadcrumb"},"inLanguage":"sk-SK","potentialAction":[{"@type":"ReadAction","target":["https:\/\/www.dompak.us\/sk\/miesta\/"]}]},{"@type":"BreadcrumbList","@id":"https:\/\/www.dompak.us\/sk\/miesta\/#breadcrumb","itemListElement":[{"@type":"ListItem","position":1,"name":"Home","item":"https:\/\/www.dompak.us\/sk\/home\/"},{"@type":"ListItem","position":2,"name":"Miesta"}]},{"@type":"WebSite","@id":"https:\/\/www.dompak.us\/#website","url":"https:\/\/www.dompak.us\/","name":"Dompak inc. - Jeste\u015bmy lepsi !","description":"","publisher":{"@id":"https:\/\/www.dompak.us\/#organization"},"potentialAction":[{"@type":"SearchAction","target":{"@type":"EntryPoint","urlTemplate":"https:\/\/www.dompak.us\/?s={search_term_string}"},"query-input":{"@type":"PropertyValueSpecification","valueRequired":true,"valueName":"search_term_string"}}],"inLanguage":"sk-SK"},{"@type":"Organization","@id":"https:\/\/www.dompak.us\/#organization","name":"Dompak inc. - Jeste\u015bmy lepsi !","url":"https:\/\/www.dompak.us\/","logo":{"@type":"ImageObject","inLanguage":"sk-SK","@id":"https:\/\/www.dompak.us\/#\/schema\/logo\/image\/","url":"https:\/\/www.dompak.us\/wp-content\/uploads\/2022\/02\/cropped-logo.png","contentUrl":"https:\/\/www.dompak.us\/wp-content\/uploads\/2022\/02\/cropped-logo.png","width":150,"height":42,"caption":"Dompak inc. - Jeste\u015bmy lepsi !"},"image":{"@id":"https:\/\/www.dompak.us\/#\/schema\/logo\/image\/"}}]}},"jetpack_sharing_enabled":true,"_links":{"self":[{"href":"https:\/\/www.dompak.us\/sk\/wp-json\/wp\/v2\/pages\/1268","targetHints":{"allow":["GET"]}}],"collection":[{"href":"https:\/\/www.dompak.us\/sk\/wp-json\/wp\/v2\/pages"}],"about":[{"href":"https:\/\/www.dompak.us\/sk\/wp-json\/wp\/v2\/types\/page"}],"author":[{"embeddable":true,"href":"https:\/\/www.dompak.us\/sk\/wp-json\/wp\/v2\/users\/3"}],"replies":[{"embeddable":true,"href":"https:\/\/www.dompak.us\/sk\/wp-json\/wp\/v2\/comments?post=1268"}],"version-history":[{"count":8,"href":"https:\/\/www.dompak.us\/sk\/wp-json\/wp\/v2\/pages\/1268\/revisions"}],"predecessor-version":[{"id":4643,"href":"https:\/\/www.dompak.us\/sk\/wp-json\/wp\/v2\/pages\/1268\/revisions\/4643"}],"wp:attachment":[{"href":"https:\/\/www.dompak.us\/sk\/wp-json\/wp\/v2\/media?parent=1268"}],"curies":[{"name":"wp","href":"https:\/\/api.w.org\/{rel}","templated":true}]}}