{"id":1270,"date":"2022-03-28T11:38:20","date_gmt":"2022-03-28T11:38:20","guid":{"rendered":"https:\/\/www.dompak.us\/?page_id=1270"},"modified":"2025-01-22T05:51:16","modified_gmt":"2025-01-22T10:51:16","slug":"kontakt","status":"publish","type":"page","link":"https:\/\/www.dompak.us\/sk\/kontakt\/","title":{"rendered":"Kontakt"},"content":{"rendered":"\n<h2 class=\"wp-block-heading\" id=\"skontaktuj-sie-z-nami-1\">Kontaktujte n\u00e1s<\/h2>\n\n\n\n<div style=\"height:45px\" aria-hidden=\"true\" class=\"wp-block-spacer\"><\/div>\n\n\n\n<h3 class=\"wp-block-heading\" id=\"nasze-biura-w-usa\">Nasze biura w USA<\/h3>\n\n\n\n<div style=\"height:40px\" aria-hidden=\"true\" class=\"wp-block-spacer\"><\/div>\n\n\n\n<div class=\"wp-block-columns hotfix-card is-layout-flex wp-container-core-columns-is-layout-9d6595d7 wp-block-columns-is-layout-flex\">\n<div class=\"wp-block-column is-layout-flow wp-block-column-is-layout-flow\">\r\n\r\n<div class=\"card card-contact\">\r\n\t<strong class=\"card-contact--heading\">DOMPAK CORPORATION<\/strong>\r\n\t\t\t\t\t\t<div class=\"card-contact-meta-container\">\r\n\t\t\t\t\t\t\t\t\t<div class=\"card-contact-meta\">\r\n\t\t\t\t\t\t<div class=\"icon-location\"><\/div>\r\n\t\t\t\t\t\t<div class=\"card-contact-meta--text\">\r\n\t\t\t\t\t\t\t<p>201 Hartle Street Suite A Sayreville, NJ 08872<\/p>\r\n\t\t\t\t\t\t<\/div>\r\n\t\t\t\t\t<\/div>\r\n\t\t\t\t\r\n\t\t\t\t\t\t\t\t\t<div class=\"card-contact-meta\">\r\n\t\t\t\t\t\t<div class=\"icon-phone-bold\"><\/div>\r\n\t\t\t\t\t\t<div class=\"card-contact-meta--text phone-field\">\r\n\t\t\t\t\t\t\t\t\t\t\t\t\t\t\t<a href=\"tel: +1 (732) 325 3322\"> +1 (732) 325 3322<\/a>\r\n\t\t\t\t\t\t\t\t\t\t\t\t\t<\/div>\r\n\t\t\t\t\t<\/div>\r\n\t\t\t\t\r\n\t\t\t\t\r\n\t\t\t\t\t\t\t<\/div>\r\n\t\t\t<\/div><\/div>\n\n\n\n<div class=\"wp-block-column is-layout-flow wp-block-column-is-layout-flow\">\r\n\r\n<div class=\"card card-contact\">\r\n\t<strong class=\"card-contact--heading\">DOMPAK CORPORATION DC<\/strong>\r\n\t\t\t\t\t\t<div class=\"card-contact-meta-container\">\r\n\t\t\t\t\t\t\t\t\t<div class=\"card-contact-meta\">\r\n\t\t\t\t\t\t<div class=\"icon-location\"><\/div>\r\n\t\t\t\t\t\t<div class=\"card-contact-meta--text\">\r\n\t\t\t\t\t\t\t<p>95 Newfield Avenue, Suite H NJ 08837 Edison NJ<\/p>\r\n\t\t\t\t\t\t<\/div>\r\n\t\t\t\t\t<\/div>\r\n\t\t\t\t\r\n\t\t\t\t\t\t\t\t\t<div class=\"card-contact-meta\">\r\n\t\t\t\t\t\t<div class=\"icon-phone-bold\"><\/div>\r\n\t\t\t\t\t\t<div class=\"card-contact-meta--text phone-field\">\r\n\t\t\t\t\t\t\t\t\t\t\t\t\t\t\t<a href=\"tel:+1 (908) 552 4035\">+1 (908) 552 4035<\/a>\r\n\t\t\t\t\t\t\t\t\t\t\t\t\t<\/div>\r\n\t\t\t\t\t<\/div>\r\n\t\t\t\t\r\n\t\t\t\t\r\n\t\t\t\t\t\t\t<\/div>\r\n\t\t\t<\/div><\/div>\n\n\n\n<div class=\"wp-block-column is-layout-flow wp-block-column-is-layout-flow\">\r\n\r\n<div class=\"card card-contact\">\r\n\t<strong class=\"card-contact--heading\">DOMPAK TRAVEL<\/strong>\r\n\t\t\t\t\t\t<div class=\"card-contact-meta-container\">\r\n\t\t\t\t\t\t\t\t\t<div class=\"card-contact-meta\">\r\n\t\t\t\t\t\t<div class=\"icon-location\"><\/div>\r\n\t\t\t\t\t\t<div class=\"card-contact-meta--text\">\r\n\t\t\t\t\t\t\t<p>25 Locust Ave Wallington, NJ 07057<\/p>\r\n\t\t\t\t\t\t<\/div>\r\n\t\t\t\t\t<\/div>\r\n\t\t\t\t\r\n\t\t\t\t\t\t\t\t\t<div class=\"card-contact-meta\">\r\n\t\t\t\t\t\t<div class=\"icon-phone-bold\"><\/div>\r\n\t\t\t\t\t\t<div class=\"card-contact-meta--text phone-field\">\r\n\t\t\t\t\t\t\t\t\t\t\t\t\t\t\t<a href=\"tel: +1 (201) 706 9812\"> +1 (201) 706 9812<\/a>\r\n\t\t\t\t\t\t\t\t\t\t\t\t\t<\/div>\r\n\t\t\t\t\t<\/div>\r\n\t\t\t\t\r\n\t\t\t\t\r\n\t\t\t\t\t\t\t<\/div>\r\n\t\t\t<\/div><\/div>\n\n\n\n<div class=\"wp-block-column is-layout-flow wp-block-column-is-layout-flow\">\r\n\r\n<div class=\"card card-contact\">\r\n\t<strong class=\"card-contact--heading\">DOMPAK SHIPPING &amp; TRAVEL<\/strong>\r\n\t\t\t\t\t\t<div class=\"card-contact-meta-container\">\r\n\t\t\t\t\t\t\t\t\t<div class=\"card-contact-meta\">\r\n\t\t\t\t\t\t<div class=\"icon-location\"><\/div>\r\n\t\t\t\t\t\t<div class=\"card-contact-meta--text\">\r\n\t\t\t\t\t\t\t<p>61-65 56th Road Maspeth, NY 11378-2409<\/p>\r\n\t\t\t\t\t\t<\/div>\r\n\t\t\t\t\t<\/div>\r\n\t\t\t\t\r\n\t\t\t\t\t\t\t\t\t<div class=\"card-contact-meta\">\r\n\t\t\t\t\t\t<div class=\"icon-phone-bold\"><\/div>\r\n\t\t\t\t\t\t<div class=\"card-contact-meta--text phone-field\">\r\n\t\t\t\t\t\t\t\t\t\t\t\t\t\t\t<a href=\"tel:+ 1 (718) 705-0070\">+ 1 (718) 705-0070<\/a>\r\n\t\t\t\t\t\t\t\t\t\t\t\t\t<\/div>\r\n\t\t\t\t\t<\/div>\r\n\t\t\t\t\r\n\t\t\t\t\r\n\t\t\t\t\t\t\t<\/div>\r\n\t\t\t<\/div><\/div>\n<\/div>\n\n\n\n<div style=\"height:10px\" aria-hidden=\"true\" class=\"wp-block-spacer\"><\/div>\n\n\n\n<h3 class=\"wp-block-heading\" id=\"nasze-biura-w-usa\">Na\u0161i partneri<\/h3>\n\n\n\n<div style=\"height:40px\" aria-hidden=\"true\" class=\"wp-block-spacer\"><\/div>\n\n\n\n<div class=\"wp-block-columns is-layout-flex wp-container-core-columns-is-layout-9d6595d7 wp-block-columns-is-layout-flex\">\n<div class=\"wp-block-column is-layout-flow wp-block-column-is-layout-flow\">\r\n\r\n<div class=\"card card-contact\">\r\n\t<strong class=\"card-contact--heading\">S\u0141OWACJA<\/strong>\r\n\t\t\t\t\t\t<div class=\"card-contact-meta-container\">\r\n\t\t\t\t\t\t\t\t\t<div class=\"card-contact-meta\">\r\n\t\t\t\t\t\t<div class=\"icon-location\"><\/div>\r\n\t\t\t\t\t\t<div class=\"card-contact-meta--text\">\r\n\t\t\t\t\t\t\t<p>European Parcel Service s.r.o. Dystrybucja | S\u0142owacja | Czechy Palis\u00e1dy 55, 811 06 Bratislava, Slovak Republic<\/p>\r\n\t\t\t\t\t\t<\/div>\r\n\t\t\t\t\t<\/div>\r\n\t\t\t\t\r\n\t\t\t\t\t\t\t\t\t<div class=\"card-contact-meta\">\r\n\t\t\t\t\t\t<div class=\"icon-phone-bold\"><\/div>\r\n\t\t\t\t\t\t<div class=\"card-contact-meta--text phone-field\">\r\n\t\t\t\t\t\t\t\t\t\t\t\t\t\t\t<a href=\"tel:+48 606797512\">+48 606797512<\/a>\r\n\t\t\t\t\t\t\t\t\t\t\t\t\t\t\t<a href=\"tel:+421412302954\">+421412302954<\/a>\r\n\t\t\t\t\t\t\t\t\t\t\t\t\t<\/div>\r\n\t\t\t\t\t<\/div>\r\n\t\t\t\t\r\n\t\t\t\t\t\t\t\t\t<div class=\"card-contact-meta\">\r\n\t\t\t\t\t\t<div class=\"icon-mail-bold\"><\/div>\r\n\t\t\t\t\t\t<div class=\"card-contact-meta--text\">\r\n\t\t\t\t\t\t\t\t\t\t\t\t\t\t\t<a href=\"customerservice@eps24.eu\">customerservice@eps24.eu<\/a>\r\n\t\t\t\t\t\t\t\t\t\t\t\t\t<\/div>\r\n\t\t\t\t\t<\/div>\r\n\t\t\t\t\r\n\t\t\t\t\t\t\t\t\t<div class=\"card-contact-meta\">\r\n\t\t\t\t\t\t<div class=\"icon-planet-bold\"><\/div>\r\n\t\t\t\t\t\t<div class=\"card-contact-meta--text\">\r\n\t\t\t\t\t\t\t\t\t\t\t\t\t\t\t<a href=\"http:\/\/www.eps24.eu\">www.eps24.eu<\/a>\r\n\t\t\t\t\t\t\t\t\t\t\t\t\t<\/div>\r\n\t\t\t\t\t<\/div>\r\n\t\t\t\t\t\t\t<\/div>\r\n\t\t\t<\/div><\/div>\n\n\n\n<div class=\"wp-block-column is-layout-flow wp-block-column-is-layout-flow\">\r\n\r\n<div class=\"card card-contact\">\r\n\t<strong class=\"card-contact--heading\">POLSKA<\/strong>\r\n\t\t\t\t\t\t<div class=\"card-contact-meta-container\">\r\n\t\t\t\t\t\t\t\t\t<div class=\"card-contact-meta\">\r\n\t\t\t\t\t\t<div class=\"icon-location\"><\/div>\r\n\t\t\t\t\t\t<div class=\"card-contact-meta--text\">\r\n\t\t\t\t\t\t\t<p>Doma Services Antoni Wn\u0119kowicz Agencja Celna | Dystrybucja | Magazynowania ul.Graniczna 47 S\u0119kocin Stary 05-090 Raszyn<\/p>\r\n\t\t\t\t\t\t<\/div>\r\n\t\t\t\t\t<\/div>\r\n\t\t\t\t\r\n\t\t\t\t\t\t\t\t\t<div class=\"card-contact-meta\">\r\n\t\t\t\t\t\t<div class=\"icon-phone-bold\"><\/div>\r\n\t\t\t\t\t\t<div class=\"card-contact-meta--text phone-field\">\r\n\t\t\t\t\t\t\t\t\t\t\t\t\t\t\t<a href=\"tel:+48 22 720 41 61\">+48 22 720 41 61<\/a>\r\n\t\t\t\t\t\t\t\t\t\t\t\t\t<\/div>\r\n\t\t\t\t\t<\/div>\r\n\t\t\t\t\r\n\t\t\t\t\r\n\t\t\t\t\t\t\t\t\t<div class=\"card-contact-meta\">\r\n\t\t\t\t\t\t<div class=\"icon-planet-bold\"><\/div>\r\n\t\t\t\t\t\t<div class=\"card-contact-meta--text\">\r\n\t\t\t\t\t\t\t\t\t\t\t\t\t\t\t<a href=\"https:\/\/www.doma.com.pl\">www.doma.com.pl<\/a>\r\n\t\t\t\t\t\t\t\t\t\t\t\t\t<\/div>\r\n\t\t\t\t\t<\/div>\r\n\t\t\t\t\t\t\t<\/div>\r\n\t\t\t<\/div><\/div>\n\n\n\n<div class=\"wp-block-column is-layout-flow wp-block-column-is-layout-flow\">\r\n\r\n<div class=\"card card-contact\">\r\n\t<strong class=\"card-contact--heading\">AUSTRALIA<\/strong>\r\n\t\t\t\t\t\t<div class=\"card-contact-meta-container\">\r\n\t\t\t\t\t\t\t\t\t<div class=\"card-contact-meta\">\r\n\t\t\t\t\t\t<div class=\"icon-location\"><\/div>\r\n\t\t\t\t\t\t<div class=\"card-contact-meta--text\">\r\n\t\t\t\t\t\t\t<p>Europarcel International 55 Burnett Drive Clarkson Perth, 6030<\/p>\r\n\t\t\t\t\t\t<\/div>\r\n\t\t\t\t\t<\/div>\r\n\t\t\t\t\r\n\t\t\t\t\t\t\t\t\t<div class=\"card-contact-meta\">\r\n\t\t\t\t\t\t<div class=\"icon-phone-bold\"><\/div>\r\n\t\t\t\t\t\t<div class=\"card-contact-meta--text phone-field\">\r\n\t\t\t\t\t\t\t\t\t\t\t\t\t\t\t<a href=\"tel:+61 0401 689 961\">+61 0401 689 961<\/a>\r\n\t\t\t\t\t\t\t\t\t\t\t\t\t\t\t<a href=\"tel:(08) 9407 7813\">(08) 9407 7813<\/a>\r\n\t\t\t\t\t\t\t\t\t\t\t\t\t<\/div>\r\n\t\t\t\t\t<\/div>\r\n\t\t\t\t\r\n\t\t\t\t\t\t\t\t\t<div class=\"card-contact-meta\">\r\n\t\t\t\t\t\t<div class=\"icon-mail-bold\"><\/div>\r\n\t\t\t\t\t\t<div class=\"card-contact-meta--text\">\r\n\t\t\t\t\t\t\t\t\t\t\t\t\t\t\t<a href=\"europarcel@mail.com\">europarcel@mail.com<\/a>\r\n\t\t\t\t\t\t\t\t\t\t\t\t\t<\/div>\r\n\t\t\t\t\t<\/div>\r\n\t\t\t\t\r\n\t\t\t\t\t\t\t<\/div>\r\n\t\t\t<\/div><\/div>\n<\/div>\n\n\n\n<div style=\"height:1px\" aria-hidden=\"true\" class=\"wp-block-spacer\"><\/div>\n\n\n\n<div class=\"wp-block-columns contact-block is-layout-flex wp-container-core-columns-is-layout-9d6595d7 wp-block-columns-is-layout-flex\">\n<div class=\"wp-block-column is-layout-flow wp-block-column-is-layout-flow\">\n<h3 class=\"wp-block-heading has-wpdc-descriptor-font-size\" id=\"skontaktuj-sie-z-nami\">Kontaktujte n\u00e1s<\/h3>\n\n\n\n<p>Nap\u00ed\u0161te n\u00e1m. \u010cak\u00e1me na Va\u0161u spr\u00e1vu.<\/p>\n\n\n\n<div class=\"wpcf7 no-js\" id=\"wpcf7-f1239-o1\" lang=\"en-US\" dir=\"ltr\" data-wpcf7-id=\"1239\">\n<div class=\"screen-reader-response\"><p role=\"status\" aria-live=\"polite\" aria-atomic=\"true\"><\/p> <ul><\/ul><\/div>\n<form action=\"\/sk\/wp-json\/wp\/v2\/pages\/1270#wpcf7-f1239-o1\" method=\"post\" class=\"wpcf7-form init\" aria-label=\"Contact form\" novalidate=\"novalidate\" data-status=\"init\">\n<fieldset class=\"hidden-fields-container\"><input type=\"hidden\" name=\"_wpcf7\" value=\"1239\" \/><input type=\"hidden\" name=\"_wpcf7_version\" value=\"6.1.3\" \/><input type=\"hidden\" name=\"_wpcf7_locale\" value=\"en_US\" \/><input type=\"hidden\" name=\"_wpcf7_unit_tag\" value=\"wpcf7-f1239-o1\" \/><input type=\"hidden\" name=\"_wpcf7_container_post\" value=\"0\" \/><input type=\"hidden\" name=\"_wpcf7_posted_data_hash\" value=\"\" \/><input type=\"hidden\" name=\"_wpcf7_recaptcha_response\" value=\"\" \/>\n<\/fieldset>\n<div class=\"form-contact-grid\">\n\n<div class=\"form-item required\">\n<label>Meno<\/label><span class=\"wpcf7-form-control-wrap\" data-name=\"your-name\"><input size=\"40\" maxlength=\"400\" class=\"wpcf7-form-control wpcf7-text wpcf7-validates-as-required\" aria-required=\"true\" aria-invalid=\"false\" value=\"\" type=\"text\" name=\"your-name\" \/><\/span> \n<\/div>\n\n<div class=\"form-item required\">\n<label>Priezvisko<\/label><span class=\"wpcf7-form-control-wrap\" data-name=\"your-surname\"><input size=\"40\" maxlength=\"400\" class=\"wpcf7-form-control wpcf7-text wpcf7-validates-as-required\" aria-required=\"true\" aria-invalid=\"false\" value=\"\" type=\"text\" name=\"your-surname\" \/><\/span> \n<\/div>\n\n<div class=\"form-item required\">\n<label>E-mail<\/label><span class=\"wpcf7-form-control-wrap\" data-name=\"your-email\"><input size=\"40\" maxlength=\"400\" class=\"wpcf7-form-control wpcf7-email wpcf7-validates-as-required wpcf7-text wpcf7-validates-as-email\" aria-required=\"true\" aria-invalid=\"false\" value=\"\" type=\"email\" name=\"your-email\" \/><\/span> \n<\/div>\n\n<div class=\"form-item\">\n<label>Telef\u00f3n<\/label><span class=\"wpcf7-form-control-wrap\" data-name=\"your-tel\"><input size=\"40\" maxlength=\"400\" class=\"wpcf7-form-control wpcf7-tel wpcf7-text wpcf7-validates-as-tel\" aria-invalid=\"false\" value=\"\" type=\"tel\" name=\"your-tel\" \/><\/span> \n<\/div>\n\n<div class=\"form-item form-item-full\">\n<label>T\u00e9ma<\/label><span class=\"wpcf7-form-control-wrap\" data-name=\"your-subject\"><input size=\"40\" maxlength=\"400\" class=\"wpcf7-form-control wpcf7-text\" aria-invalid=\"false\" value=\"\" type=\"text\" name=\"your-subject\" \/><\/span> \n<\/div>\n\n<div class=\"form-item required form-item-full\">\n<label>Spr\u00e1va <\/label><span class=\"wpcf7-form-control-wrap\" data-name=\"your-message\"><textarea cols=\"40\" rows=\"10\" maxlength=\"2000\" class=\"wpcf7-form-control wpcf7-textarea wpcf7-validates-as-required\" aria-required=\"true\" aria-invalid=\"false\" name=\"your-message\"><\/textarea><\/span> \n<\/div>\n\n<input class=\"wpcf7-form-control wpcf7-submit has-spinner\" type=\"submit\" value=\"Send\" \/>\n\n<\/div><div class=\"wpcf7-response-output\" aria-hidden=\"true\"><\/div>\n<\/form>\n<\/div>\n\n<\/div>\n\n\n\n<div class=\"wp-block-column is-layout-flow wp-block-column-is-layout-flow\">\n<h3 class=\"wp-block-heading\" id=\"gdzie-jestesmy\">Kde sme?<\/h3>\n\n\n\n<p>Autoryzowane oddzia\u0142y oraz partnerzy Dompak Corporation w USA.<\/p>\n\n\n\t\t<div id=\"map\"><\/div>\r\n\t\t<script>\r\n\t\t\t(function(s, o, src, id, a, m) {\r\n\t\t\t\tif (s.getElementById(id)) {\r\n\t\t\t\t\treturn false;\r\n\t\t\t\t}\r\n\t\t\t\ta = s.createElement(o),\r\n\t\t\t\t\tm = s.getElementsByTagName(o)[0];\r\n\t\t\t\ta.async = 1;\r\n\t\t\t\ta.defer = 1;\r\n\t\t\t\ta.src = src;\r\n\t\t\t\ta.id = id;\r\n\t\t\t\tm.parentNode.insertBefore(a, m)\r\n\t\t\t})(document, 'script', 'https:\/\/maps.googleapis.com\/maps\/api\/js?key=AIzaSyCZK7wKExWZC2zjIkv8f4bpgA9Axk9932U&callback=initMap', 'google_map_AIzaSyCZK7wKExWZC2zjIkv8f4bpgA9Axk9932U');\r\n\t\t<\/script>\r\n\t\t\n<\/div>\n<\/div>\n","protected":false},"excerpt":{"rendered":"<p>Kontaktujte n\u00e1s Nasze biura w USA Na\u0161i partneri Kontaktujte n\u00e1s Nap\u00ed\u0161te n\u00e1m. \u010cak\u00e1me na Va\u0161u spr\u00e1vu. Kde sme? Autoryzowane oddzia\u0142y oraz partnerzy Dompak Corporation w USA.<\/p>\n","protected":false},"author":3,"featured_media":0,"parent":0,"menu_order":0,"comment_status":"closed","ping_status":"closed","template":"","meta":{"_acf_changed":false,"inline_featured_image":false,"footnotes":""},"class_list":["post-1270","page","type-page","status-publish","hentry"],"acf":[],"yoast_head":"<!-- This site is optimized with the Yoast SEO plugin v26.2 - https:\/\/yoast.com\/wordpress\/plugins\/seo\/ -->\n<title>Kontakt - Dompak inc. - Jeste\u015bmy lepsi !<\/title>\n<meta name=\"robots\" content=\"index, follow, max-snippet:-1, max-image-preview:large, max-video-preview:-1\" \/>\n<link rel=\"canonical\" href=\"https:\/\/www.dompak.us\/sk\/kontakt\/\" \/>\n<meta property=\"og:locale\" content=\"sk_SK\" \/>\n<meta property=\"og:type\" content=\"article\" \/>\n<meta property=\"og:title\" content=\"Kontakt - Dompak inc. - Jeste\u015bmy lepsi !\" \/>\n<meta property=\"og:description\" content=\"Kontaktujte n\u00e1s Nasze biura w USA Na\u0161i partneri Kontaktujte n\u00e1s Nap\u00ed\u0161te n\u00e1m. \u010cak\u00e1me na Va\u0161u spr\u00e1vu. Kde sme? Autoryzowane oddzia\u0142y oraz partnerzy Dompak Corporation w USA.\" \/>\n<meta property=\"og:url\" content=\"https:\/\/www.dompak.us\/sk\/kontakt\/\" \/>\n<meta property=\"og:site_name\" content=\"Dompak inc. - Jeste\u015bmy lepsi !\" \/>\n<meta property=\"article:modified_time\" content=\"2025-01-22T10:51:16+00:00\" \/>\n<meta name=\"twitter:card\" content=\"summary_large_image\" \/>\n<meta name=\"twitter:label1\" content=\"Predpokladan\u00fd \u010das \u010d\u00edtania\" \/>\n\t<meta name=\"twitter:data1\" content=\"1 min\u00fata\" \/>\n<script type=\"application\/ld+json\" class=\"yoast-schema-graph\">{\"@context\":\"https:\/\/schema.org\",\"@graph\":[{\"@type\":\"WebPage\",\"@id\":\"https:\/\/www.dompak.us\/sk\/kontakt\/\",\"url\":\"https:\/\/www.dompak.us\/sk\/kontakt\/\",\"name\":\"Kontakt - Dompak inc. - Jeste\u015bmy lepsi !\",\"isPartOf\":{\"@id\":\"https:\/\/www.dompak.us\/#website\"},\"datePublished\":\"2022-03-28T11:38:20+00:00\",\"dateModified\":\"2025-01-22T10:51:16+00:00\",\"breadcrumb\":{\"@id\":\"https:\/\/www.dompak.us\/sk\/kontakt\/#breadcrumb\"},\"inLanguage\":\"sk-SK\",\"potentialAction\":[{\"@type\":\"ReadAction\",\"target\":[\"https:\/\/www.dompak.us\/sk\/kontakt\/\"]}]},{\"@type\":\"BreadcrumbList\",\"@id\":\"https:\/\/www.dompak.us\/sk\/kontakt\/#breadcrumb\",\"itemListElement\":[{\"@type\":\"ListItem\",\"position\":1,\"name\":\"Home\",\"item\":\"https:\/\/www.dompak.us\/sk\/home\/\"},{\"@type\":\"ListItem\",\"position\":2,\"name\":\"Kontakt\"}]},{\"@type\":\"WebSite\",\"@id\":\"https:\/\/www.dompak.us\/#website\",\"url\":\"https:\/\/www.dompak.us\/\",\"name\":\"Dompak inc. - Jeste\u015bmy lepsi !\",\"description\":\"\",\"publisher\":{\"@id\":\"https:\/\/www.dompak.us\/#organization\"},\"potentialAction\":[{\"@type\":\"SearchAction\",\"target\":{\"@type\":\"EntryPoint\",\"urlTemplate\":\"https:\/\/www.dompak.us\/?s={search_term_string}\"},\"query-input\":{\"@type\":\"PropertyValueSpecification\",\"valueRequired\":true,\"valueName\":\"search_term_string\"}}],\"inLanguage\":\"sk-SK\"},{\"@type\":\"Organization\",\"@id\":\"https:\/\/www.dompak.us\/#organization\",\"name\":\"Dompak inc. - Jeste\u015bmy lepsi !\",\"url\":\"https:\/\/www.dompak.us\/\",\"logo\":{\"@type\":\"ImageObject\",\"inLanguage\":\"sk-SK\",\"@id\":\"https:\/\/www.dompak.us\/#\/schema\/logo\/image\/\",\"url\":\"https:\/\/www.dompak.us\/wp-content\/uploads\/2022\/02\/cropped-logo.png\",\"contentUrl\":\"https:\/\/www.dompak.us\/wp-content\/uploads\/2022\/02\/cropped-logo.png\",\"width\":150,\"height\":42,\"caption\":\"Dompak inc. - Jeste\u015bmy lepsi !\"},\"image\":{\"@id\":\"https:\/\/www.dompak.us\/#\/schema\/logo\/image\/\"}}]}<\/script>\n<!-- \/ Yoast SEO plugin. -->","yoast_head_json":{"title":"Kontakt - Dompak inc. - Jeste\u015bmy lepsi !","robots":{"index":"index","follow":"follow","max-snippet":"max-snippet:-1","max-image-preview":"max-image-preview:large","max-video-preview":"max-video-preview:-1"},"canonical":"https:\/\/www.dompak.us\/sk\/kontakt\/","og_locale":"sk_SK","og_type":"article","og_title":"Kontakt - Dompak inc. - Jeste\u015bmy lepsi !","og_description":"Kontaktujte n\u00e1s Nasze biura w USA Na\u0161i partneri Kontaktujte n\u00e1s Nap\u00ed\u0161te n\u00e1m. \u010cak\u00e1me na Va\u0161u spr\u00e1vu. Kde sme? Autoryzowane oddzia\u0142y oraz partnerzy Dompak Corporation w USA.","og_url":"https:\/\/www.dompak.us\/sk\/kontakt\/","og_site_name":"Dompak inc. - Jeste\u015bmy lepsi !","article_modified_time":"2025-01-22T10:51:16+00:00","twitter_card":"summary_large_image","twitter_misc":{"Predpokladan\u00fd \u010das \u010d\u00edtania":"1 min\u00fata"},"schema":{"@context":"https:\/\/schema.org","@graph":[{"@type":"WebPage","@id":"https:\/\/www.dompak.us\/sk\/kontakt\/","url":"https:\/\/www.dompak.us\/sk\/kontakt\/","name":"Kontakt - Dompak inc. - Jeste\u015bmy lepsi !","isPartOf":{"@id":"https:\/\/www.dompak.us\/#website"},"datePublished":"2022-03-28T11:38:20+00:00","dateModified":"2025-01-22T10:51:16+00:00","breadcrumb":{"@id":"https:\/\/www.dompak.us\/sk\/kontakt\/#breadcrumb"},"inLanguage":"sk-SK","potentialAction":[{"@type":"ReadAction","target":["https:\/\/www.dompak.us\/sk\/kontakt\/"]}]},{"@type":"BreadcrumbList","@id":"https:\/\/www.dompak.us\/sk\/kontakt\/#breadcrumb","itemListElement":[{"@type":"ListItem","position":1,"name":"Home","item":"https:\/\/www.dompak.us\/sk\/home\/"},{"@type":"ListItem","position":2,"name":"Kontakt"}]},{"@type":"WebSite","@id":"https:\/\/www.dompak.us\/#website","url":"https:\/\/www.dompak.us\/","name":"Dompak inc. - Jeste\u015bmy lepsi !","description":"","publisher":{"@id":"https:\/\/www.dompak.us\/#organization"},"potentialAction":[{"@type":"SearchAction","target":{"@type":"EntryPoint","urlTemplate":"https:\/\/www.dompak.us\/?s={search_term_string}"},"query-input":{"@type":"PropertyValueSpecification","valueRequired":true,"valueName":"search_term_string"}}],"inLanguage":"sk-SK"},{"@type":"Organization","@id":"https:\/\/www.dompak.us\/#organization","name":"Dompak inc. - Jeste\u015bmy lepsi !","url":"https:\/\/www.dompak.us\/","logo":{"@type":"ImageObject","inLanguage":"sk-SK","@id":"https:\/\/www.dompak.us\/#\/schema\/logo\/image\/","url":"https:\/\/www.dompak.us\/wp-content\/uploads\/2022\/02\/cropped-logo.png","contentUrl":"https:\/\/www.dompak.us\/wp-content\/uploads\/2022\/02\/cropped-logo.png","width":150,"height":42,"caption":"Dompak inc. - Jeste\u015bmy lepsi !"},"image":{"@id":"https:\/\/www.dompak.us\/#\/schema\/logo\/image\/"}}]}},"jetpack_sharing_enabled":true,"_links":{"self":[{"href":"https:\/\/www.dompak.us\/sk\/wp-json\/wp\/v2\/pages\/1270","targetHints":{"allow":["GET"]}}],"collection":[{"href":"https:\/\/www.dompak.us\/sk\/wp-json\/wp\/v2\/pages"}],"about":[{"href":"https:\/\/www.dompak.us\/sk\/wp-json\/wp\/v2\/types\/page"}],"author":[{"embeddable":true,"href":"https:\/\/www.dompak.us\/sk\/wp-json\/wp\/v2\/users\/3"}],"replies":[{"embeddable":true,"href":"https:\/\/www.dompak.us\/sk\/wp-json\/wp\/v2\/comments?post=1270"}],"version-history":[{"count":10,"href":"https:\/\/www.dompak.us\/sk\/wp-json\/wp\/v2\/pages\/1270\/revisions"}],"predecessor-version":[{"id":65852,"href":"https:\/\/www.dompak.us\/sk\/wp-json\/wp\/v2\/pages\/1270\/revisions\/65852"}],"wp:attachment":[{"href":"https:\/\/www.dompak.us\/sk\/wp-json\/wp\/v2\/media?parent=1270"}],"curies":[{"name":"wp","href":"https:\/\/api.w.org\/{rel}","templated":true}]}}