{"id":1431,"date":"2022-03-28T14:40:52","date_gmt":"2022-03-28T14:40:52","guid":{"rendered":"https:\/\/www.dompak.us\/?page_id=1431"},"modified":"2022-03-28T14:40:54","modified_gmt":"2022-03-28T14:40:54","slug":"stante-se-agentem","status":"publish","type":"page","link":"https:\/\/www.dompak.us\/sk\/stante-se-agentem\/","title":{"rendered":"Sta\u0148te se agentem"},"content":{"rendered":"\n<div class=\"wp-block-columns is-layout-flex wp-container-core-columns-is-layout-9d6595d7 wp-block-columns-is-layout-flex\">\n<div class=\"wp-block-column is-layout-flow wp-block-column-is-layout-flow\" style=\"flex-basis:70%\">\n<h2 class=\"wp-block-heading\" id=\"zostan-autoryzowanym-agentem-dompak\">Sta\u0148te se agentem Dompak<\/h2>\n\n\n\n<p><strong>Dompak Corporation <\/strong>to firma zajmuj\u0105c\u0105 si\u0119 <strong>wysy\u0142aniem paczek, mie\u0144 przesiedlenia, towar\u00f3w handlowych do Polski oraz do wi\u0119kszo\u015bci kraj\u00f3w Unii Europejskiej.<\/strong> Nasze do\u015bwiadczenie to gwarancja jako\u015bci \u015bwiadczonych us\u0142ug. Dompak Corporation wsp\u00f3\u0142pracuje wy\u0142\u0105cznie z renomowanymi partnerami, kt\u00f3rzy swoim do\u015bwiadczeniem gwarantuj\u0105, \u017ce wszystkie przesy\u0142ki s\u0105 bezpiecznie i na czas dostrczane do odbiorcy.<\/p>\n\n\n\n<p>Tworzymy sie\u0107, w kt\u00f3rej wsp\u00f3\u0142praca opiera si\u0119 na zasadzie \u201cwin-win\u201d. Tw\u00f3j biznes jest dla nas wa\u017cny dlatego te\u017c, indywidualnie dostosowujemy warunki wsp\u00f3\u0142pracy do twoich potrzeb i lokalnej specyfiki rynku. Skontaktuj si\u0119 z nami i zostan naszym autoryzowanym agentem.<\/p>\n<\/div>\n\n\n\n<div class=\"wp-block-column is-layout-flow wp-block-column-is-layout-flow\" style=\"flex-basis:30%\">\n<div style=\"height:50px\" aria-hidden=\"true\" class=\"wp-block-spacer\"><\/div>\n\n\n\n<figure class=\"wp-block-image size-full\"><img loading=\"lazy\" decoding=\"async\" width=\"408\" height=\"272\" src=\"https:\/\/www.dompak.us\/wp-content\/uploads\/2022\/02\/image.png\" alt=\"\" class=\"wp-image-45\" srcset=\"https:\/\/www.dompak.us\/wp-content\/uploads\/2022\/02\/image.png 408w, https:\/\/www.dompak.us\/wp-content\/uploads\/2022\/02\/image-300x200.png 300w\" sizes=\"auto, (max-width: 408px) 100vw, 408px\" \/><\/figure>\n<\/div>\n<\/div>\n\n\n\n<div style=\"height:10px\" aria-hidden=\"true\" class=\"wp-block-spacer\"><\/div>\n\n\n\n<div class=\"wp-block-columns is-layout-flex wp-container-core-columns-is-layout-9d6595d7 wp-block-columns-is-layout-flex\">\n<div class=\"wp-block-column is-layout-flow wp-block-column-is-layout-flow\">\n<figure class=\"wp-block-image size-large\"><img loading=\"lazy\" decoding=\"async\" width=\"48\" height=\"48\" src=\"https:\/\/www.dompak.us\/wp-content\/uploads\/2022\/02\/trending-up-2.svg\" alt=\"\" class=\"wp-image-301\"\/><\/figure>\n\n\n\n<h3 class=\"wp-block-heading\" id=\"atrakcyjne-warunki-wspolpracy\">Atrakcyjne warunki wsp\u00f3\u0142pracy<\/h3>\n\n\n\n<p class=\"has-text-color\" style=\"color:#54a8e4;font-size:14px\"><strong>Zosta\u0144 autoryzowanym agentem Dompak i zarabiaj!<\/strong><\/p>\n\n\n\n<p style=\"font-size:16px\">Prowadzisz agencj\u0119 turystyczn\u0105, punkt us\u0142ugowy, oferujesz us\u0142ugi doradcze dla lokalnej spo\u0142eczno\u015bci. Sprawd\u017a nasz\u0105 ofert\u0119 i zwi\u0119ksz zakres \u015bwiadczonych us\u0142ug. Zarabiaj dodatkowe pieni\u0105dze wysy\u0142aj\u0105c paczki do Polski oraz do pozostaych kraj\u00f3w Unii Europejskiej. Mo\u017cesz po\u015bredniczy\u0107 r\u00f3wniez w wysy\u0142ce wi\u0119kszzych \u0142adunk\u00f3w takich jak samochody, ATV, motocykle, \u0142odzie.<\/p>\n<\/div>\n\n\n\n<div class=\"wp-block-column is-layout-flow wp-block-column-is-layout-flow\">\n<figure class=\"wp-block-image size-large\"><img loading=\"lazy\" decoding=\"async\" width=\"48\" height=\"48\" src=\"https:\/\/www.dompak.us\/wp-content\/uploads\/2022\/02\/star-1.svg\" alt=\"\" class=\"wp-image-297\"\/><\/figure>\n\n\n\n<h3 class=\"wp-block-heading\" id=\"sprawdzona-siec-dystrybucji\">Sprawdzona sie\u0107 dystrybucji<\/h3>\n\n\n\n<p class=\"has-text-color\" style=\"color:#54a8e4;font-size:14px\"><strong>Dompak do do\u015bwiadczenie i niezawodno\u015b\u0107.<\/strong><\/p>\n\n\n\n<p style=\"font-size:16px\">Wsp\u00f3\u0142pracujemy wy\u0142\u0105cznie ze sprawdzonymi partnerami w USA i Europie. Nasi dystrybutorzy w Europie posiadaj\u0105 ponad 25 letnie doswiadczenie nie tylko w dostawie przesy\u0142ek ale r\u00f3wnie\u017c w sprawach zwi\u0105zanych z odpraw\u0105 celn\u0105. Nasz system pozwala na dok\u0142adne \u015bledzenie drogi przesy\u0142ki. Monitorowanie przesy\u0142ek odbywa si\u0119 w czasie rzeczywistym, (door-to-door) pocz\u0105wszy od momentu podj\u0119cia \/ zarejestrowania przesy\u0142ki przez agenta, a\u017c do chwili dostarczenia do odbiorcy.<\/p>\n<\/div>\n\n\n\n<div class=\"wp-block-column is-layout-flow wp-block-column-is-layout-flow\">\n<figure class=\"wp-block-image size-large\"><img loading=\"lazy\" decoding=\"async\" width=\"48\" height=\"48\" src=\"https:\/\/www.dompak.us\/wp-content\/uploads\/2022\/02\/user-check-1.svg\" alt=\"\" class=\"wp-image-299\"\/><\/figure>\n\n\n\n<h3 class=\"wp-block-heading\" id=\"wsparcie-agenta-vip\">Wsparcie Agenta VIP<\/h3>\n\n\n\n<p class=\"has-text-color\" style=\"color:#54a8e4;font-size:14px\"><strong>Dedykowany opiekun biznesowy.<\/strong><\/p>\n\n\n\n<p style=\"font-size:16px\">Oferujemy szkolenie w zakresie u\u017cytkowania systemu obs\u0142ugi klienta jak r\u00f3wnie\u017c zdalne wsparcie IT. Wspieramy dzia\u0142ania marketingowe naszych agent\u00f3w zwi\u0105zane z promowaniem i rozwojem biznesu. Zapewniamy dost\u0119p do materia\u0142\u00f3w przeznaczonych do pakowania i zabezpieczania przesy\u0142ek.<\/p>\n<\/div>\n<\/div>\n\n\n\n<hr class=\"wp-block-separator is-style-wide\"\/>\n\n\n\n<h2 class=\"wp-block-heading\" id=\"skontaktuj-sie-z-nami\">Kontaktujte n\u00e1s<\/h2>\n\n\n\n<div style=\"height:28px\" aria-hidden=\"true\" class=\"wp-block-spacer\"><\/div>\n\n\n\n<div class=\"wp-block-columns card-columns is-layout-flex wp-container-core-columns-is-layout-9d6595d7 wp-block-columns-is-layout-flex\">\n<div class=\"wp-block-column is-layout-flow wp-block-column-is-layout-flow\">\r\n\r\n<div class=\"card card-contact\">\r\n\t<strong class=\"card-contact--heading\">DOMPAK CORPORATION<\/strong>\r\n\t\t\t\t\t\t<div class=\"card-contact-meta-container\">\r\n\t\t\t\t\t\t\t\t\t<div class=\"card-contact-meta\">\r\n\t\t\t\t\t\t<div class=\"icon-location\"><\/div>\r\n\t\t\t\t\t\t<div class=\"card-contact-meta--text\">\r\n\t\t\t\t\t\t\t<p>201 Hartle Street Suite A Sayreville, NJ 08872<\/p>\r\n\t\t\t\t\t\t<\/div>\r\n\t\t\t\t\t<\/div>\r\n\t\t\t\t\r\n\t\t\t\t\t\t\t\t\t<div class=\"card-contact-meta\">\r\n\t\t\t\t\t\t<div class=\"icon-phone-bold\"><\/div>\r\n\t\t\t\t\t\t<div class=\"card-contact-meta--text phone-field\">\r\n\t\t\t\t\t\t\t\t\t\t\t\t\t\t\t<a href=\"tel:+1 (732) 325 3322\">+1 (732) 325 3322<\/a>\r\n\t\t\t\t\t\t\t\t\t\t\t\t\t<\/div>\r\n\t\t\t\t\t<\/div>\r\n\t\t\t\t\r\n\t\t\t\t\r\n\t\t\t\t\t\t\t<\/div>\r\n\t\t\t<\/div><\/div>\n\n\n\n<div class=\"wp-block-column is-layout-flow wp-block-column-is-layout-flow\">\r\n\r\n<div class=\"card card-contact\">\r\n\t<strong class=\"card-contact--heading\">Dompak Travel<\/strong>\r\n\t\t\t\t\t\t<div class=\"card-contact-meta-container\">\r\n\t\t\t\t\t\t\t\t\t<div class=\"card-contact-meta\">\r\n\t\t\t\t\t\t<div class=\"icon-location\"><\/div>\r\n\t\t\t\t\t\t<div class=\"card-contact-meta--text\">\r\n\t\t\t\t\t\t\t<p>25 Locust Ave Wallington, NJ 07057<\/p>\r\n\t\t\t\t\t\t<\/div>\r\n\t\t\t\t\t<\/div>\r\n\t\t\t\t\r\n\t\t\t\t\t\t\t\t\t<div class=\"card-contact-meta\">\r\n\t\t\t\t\t\t<div class=\"icon-phone-bold\"><\/div>\r\n\t\t\t\t\t\t<div class=\"card-contact-meta--text phone-field\">\r\n\t\t\t\t\t\t\t\t\t\t\t\t\t\t\t<a href=\"tel:+1 (201) 706 9812\">+1 (201) 706 9812<\/a>\r\n\t\t\t\t\t\t\t\t\t\t\t\t\t<\/div>\r\n\t\t\t\t\t<\/div>\r\n\t\t\t\t\r\n\t\t\t\t\r\n\t\t\t\t\t\t\t<\/div>\r\n\t\t\t<\/div><\/div>\n\n\n\n<div class=\"wp-block-column is-layout-flow wp-block-column-is-layout-flow\"><\/div>\n<\/div>\n\n\n\n<div style=\"height:32px\" aria-hidden=\"true\" class=\"wp-block-spacer\"><\/div>\n\n\n\n<div class=\"wp-block-columns is-layout-flex wp-container-core-columns-is-layout-9d6595d7 wp-block-columns-is-layout-flex\">\n<div class=\"wp-block-column is-layout-flow wp-block-column-is-layout-flow\" style=\"flex-basis:27%\"><\/div>\n\n\n\n<div class=\"wp-block-column is-layout-flow wp-block-column-is-layout-flow\" style=\"flex-basis:50%\">\n<p>Nap\u00ed\u0161te n\u00e1m. \u010cak\u00e1me na Va\u0161u spr\u00e1vu.<\/p>\n\n\n\n<div style=\"height:32px\" aria-hidden=\"true\" class=\"wp-block-spacer\"><\/div>\n\n\n\n<div class=\"wpcf7 no-js\" id=\"wpcf7-f1239-o1\" lang=\"en-US\" dir=\"ltr\" data-wpcf7-id=\"1239\">\n<div class=\"screen-reader-response\"><p role=\"status\" aria-live=\"polite\" aria-atomic=\"true\"><\/p> <ul><\/ul><\/div>\n<form action=\"\/sk\/wp-json\/wp\/v2\/pages\/1431#wpcf7-f1239-o1\" method=\"post\" class=\"wpcf7-form init\" aria-label=\"Contact form\" novalidate=\"novalidate\" data-status=\"init\">\n<fieldset class=\"hidden-fields-container\"><input type=\"hidden\" name=\"_wpcf7\" value=\"1239\" \/><input type=\"hidden\" name=\"_wpcf7_version\" value=\"6.1.3\" \/><input type=\"hidden\" name=\"_wpcf7_locale\" value=\"en_US\" \/><input type=\"hidden\" name=\"_wpcf7_unit_tag\" value=\"wpcf7-f1239-o1\" \/><input type=\"hidden\" name=\"_wpcf7_container_post\" value=\"0\" \/><input type=\"hidden\" name=\"_wpcf7_posted_data_hash\" value=\"\" \/><input type=\"hidden\" name=\"_wpcf7_recaptcha_response\" value=\"\" \/>\n<\/fieldset>\n<div class=\"form-contact-grid\">\n\n<div class=\"form-item required\">\n<label>Meno<\/label><span class=\"wpcf7-form-control-wrap\" data-name=\"your-name\"><input size=\"40\" maxlength=\"400\" class=\"wpcf7-form-control wpcf7-text wpcf7-validates-as-required\" aria-required=\"true\" aria-invalid=\"false\" value=\"\" type=\"text\" name=\"your-name\" \/><\/span> \n<\/div>\n\n<div class=\"form-item required\">\n<label>Priezvisko<\/label><span class=\"wpcf7-form-control-wrap\" data-name=\"your-surname\"><input size=\"40\" maxlength=\"400\" class=\"wpcf7-form-control wpcf7-text wpcf7-validates-as-required\" aria-required=\"true\" aria-invalid=\"false\" value=\"\" type=\"text\" name=\"your-surname\" \/><\/span> \n<\/div>\n\n<div class=\"form-item required\">\n<label>E-mail<\/label><span class=\"wpcf7-form-control-wrap\" data-name=\"your-email\"><input size=\"40\" maxlength=\"400\" class=\"wpcf7-form-control wpcf7-email wpcf7-validates-as-required wpcf7-text wpcf7-validates-as-email\" aria-required=\"true\" aria-invalid=\"false\" value=\"\" type=\"email\" name=\"your-email\" \/><\/span> \n<\/div>\n\n<div class=\"form-item\">\n<label>Telef\u00f3n<\/label><span class=\"wpcf7-form-control-wrap\" data-name=\"your-tel\"><input size=\"40\" maxlength=\"400\" class=\"wpcf7-form-control wpcf7-tel wpcf7-text wpcf7-validates-as-tel\" aria-invalid=\"false\" value=\"\" type=\"tel\" name=\"your-tel\" \/><\/span> \n<\/div>\n\n<div class=\"form-item form-item-full\">\n<label>T\u00e9ma<\/label><span class=\"wpcf7-form-control-wrap\" data-name=\"your-subject\"><input size=\"40\" maxlength=\"400\" class=\"wpcf7-form-control wpcf7-text\" aria-invalid=\"false\" value=\"\" type=\"text\" name=\"your-subject\" \/><\/span> \n<\/div>\n\n<div class=\"form-item required form-item-full\">\n<label>Spr\u00e1va <\/label><span class=\"wpcf7-form-control-wrap\" data-name=\"your-message\"><textarea cols=\"40\" rows=\"10\" maxlength=\"2000\" class=\"wpcf7-form-control wpcf7-textarea wpcf7-validates-as-required\" aria-required=\"true\" aria-invalid=\"false\" name=\"your-message\"><\/textarea><\/span> \n<\/div>\n\n<input class=\"wpcf7-form-control wpcf7-submit has-spinner\" type=\"submit\" value=\"Send\" \/>\n\n<\/div><div class=\"wpcf7-response-output\" aria-hidden=\"true\"><\/div>\n<\/form>\n<\/div>\n\n<\/div>\n\n\n\n<div class=\"wp-block-column is-layout-flow wp-block-column-is-layout-flow\" style=\"flex-basis:23%\"><\/div>\n<\/div>\n\n\n\n<div style=\"height:30px\" aria-hidden=\"true\" class=\"wp-block-spacer\"><\/div>\n","protected":false},"excerpt":{"rendered":"<p>Sta\u0148te se agentem Dompak Dompak Corporation to firma zajmuj\u0105c\u0105 si\u0119 wysy\u0142aniem paczek, mie\u0144 przesiedlenia, towar\u00f3w handlowych do Polski oraz do wi\u0119kszo\u015bci kraj\u00f3w Unii Europejskiej. Nasze do\u015bwiadczenie to gwarancja jako\u015bci \u015bwiadczonych us\u0142ug. Dompak Corporation wsp\u00f3\u0142pracuje wy\u0142\u0105cznie z renomowanymi partnerami, kt\u00f3rzy swoim do\u015bwiadczeniem gwarantuj\u0105, \u017ce wszystkie przesy\u0142ki s\u0105 bezpiecznie i na czas dostrczane do odbiorcy. Tworzymy sie\u0107, [&hellip;]<\/p>\n","protected":false},"author":3,"featured_media":0,"parent":0,"menu_order":0,"comment_status":"closed","ping_status":"closed","template":"","meta":{"_acf_changed":false,"inline_featured_image":false,"footnotes":""},"class_list":["post-1431","page","type-page","status-publish","hentry"],"acf":[],"yoast_head":"<!-- This site is optimized with the Yoast SEO plugin v26.2 - https:\/\/yoast.com\/wordpress\/plugins\/seo\/ -->\n<title>Sta\u0148te se agentem - Dompak inc. - Jeste\u015bmy lepsi !<\/title>\n<meta name=\"robots\" content=\"index, follow, max-snippet:-1, max-image-preview:large, max-video-preview:-1\" \/>\n<link rel=\"canonical\" href=\"https:\/\/www.dompak.us\/sk\/stante-se-agentem\/\" \/>\n<meta property=\"og:locale\" content=\"sk_SK\" \/>\n<meta property=\"og:type\" content=\"article\" \/>\n<meta property=\"og:title\" content=\"Sta\u0148te se agentem - Dompak inc. - Jeste\u015bmy lepsi !\" \/>\n<meta property=\"og:description\" content=\"Sta\u0148te se agentem Dompak Dompak Corporation to firma zajmuj\u0105c\u0105 si\u0119 wysy\u0142aniem paczek, mie\u0144 przesiedlenia, towar\u00f3w handlowych do Polski oraz do wi\u0119kszo\u015bci kraj\u00f3w Unii Europejskiej. Nasze do\u015bwiadczenie to gwarancja jako\u015bci \u015bwiadczonych us\u0142ug. Dompak Corporation wsp\u00f3\u0142pracuje wy\u0142\u0105cznie z renomowanymi partnerami, kt\u00f3rzy swoim do\u015bwiadczeniem gwarantuj\u0105, \u017ce wszystkie przesy\u0142ki s\u0105 bezpiecznie i na czas dostrczane do odbiorcy. Tworzymy sie\u0107, [&hellip;]\" \/>\n<meta property=\"og:url\" content=\"https:\/\/www.dompak.us\/sk\/stante-se-agentem\/\" \/>\n<meta property=\"og:site_name\" content=\"Dompak inc. - Jeste\u015bmy lepsi !\" \/>\n<meta property=\"article:modified_time\" content=\"2022-03-28T14:40:54+00:00\" \/>\n<meta property=\"og:image\" content=\"https:\/\/www.dompak.us\/wp-content\/uploads\/2022\/02\/image.png\" \/>\n<meta name=\"twitter:card\" content=\"summary_large_image\" \/>\n<meta name=\"twitter:label1\" content=\"Predpokladan\u00fd \u010das \u010d\u00edtania\" \/>\n\t<meta name=\"twitter:data1\" content=\"2 min\u00faty\" \/>\n<script type=\"application\/ld+json\" class=\"yoast-schema-graph\">{\"@context\":\"https:\/\/schema.org\",\"@graph\":[{\"@type\":\"WebPage\",\"@id\":\"https:\/\/www.dompak.us\/sk\/stante-se-agentem\/\",\"url\":\"https:\/\/www.dompak.us\/sk\/stante-se-agentem\/\",\"name\":\"Sta\u0148te se agentem - Dompak inc. - Jeste\u015bmy lepsi !\",\"isPartOf\":{\"@id\":\"https:\/\/www.dompak.us\/#website\"},\"primaryImageOfPage\":{\"@id\":\"https:\/\/www.dompak.us\/sk\/stante-se-agentem\/#primaryimage\"},\"image\":{\"@id\":\"https:\/\/www.dompak.us\/sk\/stante-se-agentem\/#primaryimage\"},\"thumbnailUrl\":\"https:\/\/www.dompak.us\/wp-content\/uploads\/2022\/02\/image.png\",\"datePublished\":\"2022-03-28T14:40:52+00:00\",\"dateModified\":\"2022-03-28T14:40:54+00:00\",\"breadcrumb\":{\"@id\":\"https:\/\/www.dompak.us\/sk\/stante-se-agentem\/#breadcrumb\"},\"inLanguage\":\"sk-SK\",\"potentialAction\":[{\"@type\":\"ReadAction\",\"target\":[\"https:\/\/www.dompak.us\/sk\/stante-se-agentem\/\"]}]},{\"@type\":\"ImageObject\",\"inLanguage\":\"sk-SK\",\"@id\":\"https:\/\/www.dompak.us\/sk\/stante-se-agentem\/#primaryimage\",\"url\":\"https:\/\/www.dompak.us\/wp-content\/uploads\/2022\/02\/image.png\",\"contentUrl\":\"https:\/\/www.dompak.us\/wp-content\/uploads\/2022\/02\/image.png\"},{\"@type\":\"BreadcrumbList\",\"@id\":\"https:\/\/www.dompak.us\/sk\/stante-se-agentem\/#breadcrumb\",\"itemListElement\":[{\"@type\":\"ListItem\",\"position\":1,\"name\":\"Home\",\"item\":\"https:\/\/www.dompak.us\/sk\/home\/\"},{\"@type\":\"ListItem\",\"position\":2,\"name\":\"Sta\u0148te se agentem\"}]},{\"@type\":\"WebSite\",\"@id\":\"https:\/\/www.dompak.us\/#website\",\"url\":\"https:\/\/www.dompak.us\/\",\"name\":\"Dompak inc. - Jeste\u015bmy lepsi !\",\"description\":\"\",\"publisher\":{\"@id\":\"https:\/\/www.dompak.us\/#organization\"},\"potentialAction\":[{\"@type\":\"SearchAction\",\"target\":{\"@type\":\"EntryPoint\",\"urlTemplate\":\"https:\/\/www.dompak.us\/?s={search_term_string}\"},\"query-input\":{\"@type\":\"PropertyValueSpecification\",\"valueRequired\":true,\"valueName\":\"search_term_string\"}}],\"inLanguage\":\"sk-SK\"},{\"@type\":\"Organization\",\"@id\":\"https:\/\/www.dompak.us\/#organization\",\"name\":\"Dompak inc. - Jeste\u015bmy lepsi !\",\"url\":\"https:\/\/www.dompak.us\/\",\"logo\":{\"@type\":\"ImageObject\",\"inLanguage\":\"sk-SK\",\"@id\":\"https:\/\/www.dompak.us\/#\/schema\/logo\/image\/\",\"url\":\"https:\/\/www.dompak.us\/wp-content\/uploads\/2022\/02\/cropped-logo.png\",\"contentUrl\":\"https:\/\/www.dompak.us\/wp-content\/uploads\/2022\/02\/cropped-logo.png\",\"width\":150,\"height\":42,\"caption\":\"Dompak inc. - Jeste\u015bmy lepsi !\"},\"image\":{\"@id\":\"https:\/\/www.dompak.us\/#\/schema\/logo\/image\/\"}}]}<\/script>\n<!-- \/ Yoast SEO plugin. -->","yoast_head_json":{"title":"Sta\u0148te se agentem - Dompak inc. - Jeste\u015bmy lepsi !","robots":{"index":"index","follow":"follow","max-snippet":"max-snippet:-1","max-image-preview":"max-image-preview:large","max-video-preview":"max-video-preview:-1"},"canonical":"https:\/\/www.dompak.us\/sk\/stante-se-agentem\/","og_locale":"sk_SK","og_type":"article","og_title":"Sta\u0148te se agentem - Dompak inc. - Jeste\u015bmy lepsi !","og_description":"Sta\u0148te se agentem Dompak Dompak Corporation to firma zajmuj\u0105c\u0105 si\u0119 wysy\u0142aniem paczek, mie\u0144 przesiedlenia, towar\u00f3w handlowych do Polski oraz do wi\u0119kszo\u015bci kraj\u00f3w Unii Europejskiej. Nasze do\u015bwiadczenie to gwarancja jako\u015bci \u015bwiadczonych us\u0142ug. Dompak Corporation wsp\u00f3\u0142pracuje wy\u0142\u0105cznie z renomowanymi partnerami, kt\u00f3rzy swoim do\u015bwiadczeniem gwarantuj\u0105, \u017ce wszystkie przesy\u0142ki s\u0105 bezpiecznie i na czas dostrczane do odbiorcy. Tworzymy sie\u0107, [&hellip;]","og_url":"https:\/\/www.dompak.us\/sk\/stante-se-agentem\/","og_site_name":"Dompak inc. - Jeste\u015bmy lepsi !","article_modified_time":"2022-03-28T14:40:54+00:00","og_image":[{"url":"https:\/\/www.dompak.us\/wp-content\/uploads\/2022\/02\/image.png","type":"","width":"","height":""}],"twitter_card":"summary_large_image","twitter_misc":{"Predpokladan\u00fd \u010das \u010d\u00edtania":"2 min\u00faty"},"schema":{"@context":"https:\/\/schema.org","@graph":[{"@type":"WebPage","@id":"https:\/\/www.dompak.us\/sk\/stante-se-agentem\/","url":"https:\/\/www.dompak.us\/sk\/stante-se-agentem\/","name":"Sta\u0148te se agentem - Dompak inc. - Jeste\u015bmy lepsi !","isPartOf":{"@id":"https:\/\/www.dompak.us\/#website"},"primaryImageOfPage":{"@id":"https:\/\/www.dompak.us\/sk\/stante-se-agentem\/#primaryimage"},"image":{"@id":"https:\/\/www.dompak.us\/sk\/stante-se-agentem\/#primaryimage"},"thumbnailUrl":"https:\/\/www.dompak.us\/wp-content\/uploads\/2022\/02\/image.png","datePublished":"2022-03-28T14:40:52+00:00","dateModified":"2022-03-28T14:40:54+00:00","breadcrumb":{"@id":"https:\/\/www.dompak.us\/sk\/stante-se-agentem\/#breadcrumb"},"inLanguage":"sk-SK","potentialAction":[{"@type":"ReadAction","target":["https:\/\/www.dompak.us\/sk\/stante-se-agentem\/"]}]},{"@type":"ImageObject","inLanguage":"sk-SK","@id":"https:\/\/www.dompak.us\/sk\/stante-se-agentem\/#primaryimage","url":"https:\/\/www.dompak.us\/wp-content\/uploads\/2022\/02\/image.png","contentUrl":"https:\/\/www.dompak.us\/wp-content\/uploads\/2022\/02\/image.png"},{"@type":"BreadcrumbList","@id":"https:\/\/www.dompak.us\/sk\/stante-se-agentem\/#breadcrumb","itemListElement":[{"@type":"ListItem","position":1,"name":"Home","item":"https:\/\/www.dompak.us\/sk\/home\/"},{"@type":"ListItem","position":2,"name":"Sta\u0148te se agentem"}]},{"@type":"WebSite","@id":"https:\/\/www.dompak.us\/#website","url":"https:\/\/www.dompak.us\/","name":"Dompak inc. - Jeste\u015bmy lepsi !","description":"","publisher":{"@id":"https:\/\/www.dompak.us\/#organization"},"potentialAction":[{"@type":"SearchAction","target":{"@type":"EntryPoint","urlTemplate":"https:\/\/www.dompak.us\/?s={search_term_string}"},"query-input":{"@type":"PropertyValueSpecification","valueRequired":true,"valueName":"search_term_string"}}],"inLanguage":"sk-SK"},{"@type":"Organization","@id":"https:\/\/www.dompak.us\/#organization","name":"Dompak inc. - Jeste\u015bmy lepsi !","url":"https:\/\/www.dompak.us\/","logo":{"@type":"ImageObject","inLanguage":"sk-SK","@id":"https:\/\/www.dompak.us\/#\/schema\/logo\/image\/","url":"https:\/\/www.dompak.us\/wp-content\/uploads\/2022\/02\/cropped-logo.png","contentUrl":"https:\/\/www.dompak.us\/wp-content\/uploads\/2022\/02\/cropped-logo.png","width":150,"height":42,"caption":"Dompak inc. - Jeste\u015bmy lepsi !"},"image":{"@id":"https:\/\/www.dompak.us\/#\/schema\/logo\/image\/"}}]}},"jetpack_sharing_enabled":true,"_links":{"self":[{"href":"https:\/\/www.dompak.us\/sk\/wp-json\/wp\/v2\/pages\/1431","targetHints":{"allow":["GET"]}}],"collection":[{"href":"https:\/\/www.dompak.us\/sk\/wp-json\/wp\/v2\/pages"}],"about":[{"href":"https:\/\/www.dompak.us\/sk\/wp-json\/wp\/v2\/types\/page"}],"author":[{"embeddable":true,"href":"https:\/\/www.dompak.us\/sk\/wp-json\/wp\/v2\/users\/3"}],"replies":[{"embeddable":true,"href":"https:\/\/www.dompak.us\/sk\/wp-json\/wp\/v2\/comments?post=1431"}],"version-history":[{"count":2,"href":"https:\/\/www.dompak.us\/sk\/wp-json\/wp\/v2\/pages\/1431\/revisions"}],"predecessor-version":[{"id":1433,"href":"https:\/\/www.dompak.us\/sk\/wp-json\/wp\/v2\/pages\/1431\/revisions\/1433"}],"wp:attachment":[{"href":"https:\/\/www.dompak.us\/sk\/wp-json\/wp\/v2\/media?parent=1431"}],"curies":[{"name":"wp","href":"https:\/\/api.w.org\/{rel}","templated":true}]}}